{"id":55064,"date":"2024-06-07T16:56:16","date_gmt":"2024-06-07T20:56:16","guid":{"rendered":"http:\/\/4m.cl\/?page_id=55064"},"modified":"2024-06-07T17:00:36","modified_gmt":"2024-06-07T21:00:36","slug":"gecorp","status":"publish","type":"page","link":"https:\/\/4m.cl\/?page_id=55064","title":{"rendered":"Gecorp"},"content":{"rendered":"\n<div class=\"wp-block-kadence-rowlayout alignnone\"><div id=\"kt-layout-id_c29665-ae\" class=\"kt-row-layout-inner  kt-layout-id_c29665-ae\"><div class=\"kt-row-column-wrap kt-has-2-columns kt-gutter-default kt-v-gutter-default kt-row-valign-top kt-row-layout-right-golden kt-tab-layout-inherit kt-m-colapse-left-to-right kt-mobile-layout-row\">\n<div class=\"wp-block-kadence-column inner-column-1 kadence-column_98e0b5-89\"><div class=\"kt-inside-inner-col\">\n<div style=\"color:#fc7626;font-size:30px; margin-bottom:10px; font-weight: 600;\">Gecorp<\/div>\n<p style=\"font-size: 18px; line-height: 24px; text-align: justify;\">El stand es un espacio que permite la identificaci\u00f3n de una marca y sus productos o servicios; de all\u00ed que es una opci\u00f3n inmejorable para darse a conocer en las ferias, exposiciones y cualquier otro evento que cuente con presencia de p\u00fablico visitante.<\/p>\n<\/div><\/div>\n\n\n\n<div class=\"wp-block-kadence-column inner-column-2 kadence-column_544a38-9c\"><div class=\"kt-inside-inner-col\"><style>#jtg-55062 .modula-item .jtg-social a, .lightbox-socials.jtg-social a{ fill: #ffffff; color: #ffffff }#jtg-55062 .modula-item .jtg-social-mobile a{ fill: #ffffff; color: #ffffff }#jtg-55062 .modula-item .jtg-social svg, .lightbox-socials.jtg-social svg { height: 16px; width: 16px }#jtg-55062 .modula-item .jtg-social-mobile svg { height: 16px; width: 16px }#jtg-55062 .modula-item .jtg-social a:not(:last-child), .lightbox-socials.jtg-social a:not(:last-child) { margin-right: 10px }#jtg-55062 .modula-item .jtg-social-mobile .jtg-social-mobile-icons a:not(:last-child){ margin-right: 10px }#jtg-55062 .modula-item .figc {color:#ffffff;}#jtg-55062 .modula-item .modula-item-content { transform: scale(1) }#jtg-55062 { width:100%;}#jtg-55062 .modula-items{height:500px;}@media screen and (max-width: 992px) {#jtg-55062 .modula-items{height:500px;}}@media screen and (max-width: 768px) {#jtg-55062 .modula-items{height:500px;}}#jtg-55062 .modula-items .figc p.description { font-size:14px; }#jtg-55062 .modula-items .figc p.description { color:#ffffff;}#jtg-55062.modula-gallery .modula-item > a, #jtg-55062.modula-gallery .modula-item, #jtg-55062.modula-gallery .modula-item-content > a:not(.modula-no-follow) { cursor:zoom-in; } #jtg-55062.modula-gallery .modula-item-content .modula-no-follow { cursor: default; } @media screen and (max-width:480px){#jtg-55062 .modula-item .figc .jtg-title {  font-size: 12px; }#jtg-55062 .modula-items .figc p.description { color:#ffffff;font-size:10px; }}#jtg-55062 .modula-items .modula-item:hover img{opacity:1;}<\/style>\n<!-- Gallery Container -->\n<div  id=\"jtg-55062\" class=\"modula modula-gallery modula-creative-gallery\" data-config=\"{&quot;height&quot;:500,&quot;tabletHeight&quot;:500,&quot;mobileHeight&quot;:500,&quot;desktopHeight&quot;:500,&quot;enableTwitter&quot;:false,&quot;enableWhatsapp&quot;:false,&quot;enableFacebook&quot;:false,&quot;enablePinterest&quot;:false,&quot;enableLinkedin&quot;:false,&quot;enableEmail&quot;:false,&quot;randomFactor&quot;:0.5,&quot;type&quot;:&quot;creative-gallery&quot;,&quot;columns&quot;:12,&quot;gutter&quot;:10,&quot;mobileGutter&quot;:10,&quot;tabletGutter&quot;:10,&quot;desktopGutter&quot;:10,&quot;enableResponsive&quot;:&quot;0&quot;,&quot;tabletColumns&quot;:2,&quot;mobileColumns&quot;:1,&quot;lazyLoad&quot;:true,&quot;lightboxOpts&quot;:{&quot;animated&quot;:true,&quot;Thumbs&quot;:{&quot;type&quot;:&quot;modern&quot;,&quot;showOnStart&quot;:false},&quot;Toolbar&quot;:{&quot;display&quot;:{&quot;right&quot;:[&quot;close&quot;]},&quot;enabled&quot;:true},&quot;Carousel&quot;:{&quot;Panzoom&quot;:{&quot;touch&quot;:false},&quot;infinite&quot;:false},&quot;keyboard&quot;:{&quot;Escape&quot;:&quot;close&quot;,&quot;Delete&quot;:&quot;close&quot;,&quot;Backspace&quot;:&quot;close&quot;,&quot;PageUp&quot;:false,&quot;PageDown&quot;:false,&quot;ArrowUp&quot;:false,&quot;ArrowDown&quot;:false,&quot;ArrowRight&quot;:false,&quot;ArrowLeft&quot;:false},&quot;touch&quot;:false,&quot;backdropClick&quot;:false,&quot;l10n&quot;:{&quot;CLOSE&quot;:&quot;Close&quot;,&quot;NEXT&quot;:&quot;Next&quot;,&quot;PREV&quot;:&quot;Previous&quot;,&quot;Error&quot;:&quot;The requested content cannot be loaded. Please try again later.&quot;,&quot;PLAY_START&quot;:&quot;Start slideshow&quot;,&quot;PLAY_STOP&quot;:&quot;Pause slideshow&quot;,&quot;FULL_SCREEN&quot;:&quot;Full screen&quot;,&quot;THUMBS&quot;:&quot;Thumbnails&quot;,&quot;DOWNLOAD&quot;:&quot;Download&quot;,&quot;SHARE&quot;:&quot;Share&quot;,&quot;ZOOM&quot;:&quot;Zoom&quot;,&quot;EMAIL&quot;:&quot;Here is the link to the image : %%image_link%% and this is the link to the gallery : %%gallery_link%%&quot;,&quot;MODAL&quot;:&quot;You can close this modal content with the ESC key&quot;,&quot;ERROR&quot;:&quot;Something Went Wrong, Please Try Again Later&quot;,&quot;IMAGE_ERROR&quot;:&quot;Image Not Found&quot;,&quot;ELEMENT_NOT_FOUND&quot;:&quot;HTML Element Not Found&quot;,&quot;AJAX_NOT_FOUND&quot;:&quot;Error Loading AJAX : Not Found&quot;,&quot;AJAX_FORBIDDEN&quot;:&quot;Error Loading AJAX : Forbidden&quot;,&quot;IFRAME_ERROR&quot;:&quot;Error Loading Page&quot;,&quot;TOGGLE_ZOOM&quot;:&quot;Toggle zoom level&quot;,&quot;TOGGLE_THUMBS&quot;:&quot;Toggle thumbnails&quot;,&quot;TOGGLE_SLIDESHOW&quot;:&quot;Toggle slideshow&quot;,&quot;TOGGLE_FULLSCREEN&quot;:&quot;Toggle full-screen mode&quot;},&quot;Images&quot;:{&quot;Panzoom&quot;:{&quot;maxScale&quot;:2}},&quot;mainClass&quot;:&quot;modula-fancybox-container modula-lightbox-jtg-55062&quot;,&quot;Html&quot;:{&quot;videoAutoplay&quot;:0,&quot;videoTpl&quot;:&quot;&lt;video class=\\&quot;fancybox__html5video\\&quot; controls muted playsinline controlsList controlsList=\\&quot;nodownload\\&quot; poster=\\&quot;{{poster}}\\&quot; src=\\&quot;{{src}}\\&quot; type=\\&quot;{{format}}\\&quot; &gt;  Sorry, your browser doesn&#039;t support embedded videos, &lt;a href=\\&quot;{{src}}\\&quot;&gt; download &lt;\\\/a&gt; and watch with your favorite video player! &lt;\\\/video&gt;&quot;}},&quot;inView&quot;:false,&quot;email_subject&quot;:&quot;Check out this awesome image !!&quot;,&quot;email_message&quot;:&quot;Here is the link to the image : %%image_link%% and this is the link to the gallery : %%gallery_link%%&quot;,&quot;lightbox&quot;:&quot;fancybox&quot;}\">\n\n\t\n\t<!-- Items Container -->\n\t<div  class=\"modula-items\">\n\t\t<div class=\"modula-item\" >\n\t<div class=\"modula-item-content\">\n\t\t\n\t\t\t\t\t<a data-image-id=\"3408\" tabindex=\"0\" rel=\"jtg-55062\" data-caption=\"\" aria-label=\"Open image in lightbox\" role=\"button\" class=\"tile-inner modula-item-link\"><\/a>\n\t\t\n\t\t<img class=\"pic wp-image-3408 lazyload\"  data-valign=\"middle\" data-halign=\"center\" alt=\"\" data-full=\"https:\/\/4m.cl\/wp\/wp-content\/uploads\/2019\/07\/5.jpg\" title=\"5\" width=\"1024\" height=\"768\" data-src=\"https:\/\/4m.cl\/wp\/wp-content\/uploads\/2019\/07\/5-1024x768.jpg\" data-caption=\"\" data-source=\"modula\" data-srcset=\"https:\/\/4m.cl\/wp\/wp-content\/uploads\/2019\/07\/5.jpg 1280w, https:\/\/4m.cl\/wp\/wp-content\/uploads\/2019\/07\/5-300x225.jpg 300w, https:\/\/4m.cl\/wp\/wp-content\/uploads\/2019\/07\/5-768x576.jpg 768w, https:\/\/4m.cl\/wp\/wp-content\/uploads\/2019\/07\/5-1024x768.jpg 1024w, https:\/\/4m.cl\/wp\/wp-content\/uploads\/2019\/07\/5-600x450.jpg 600w\" data-sizes=\"(max-width: 1024px) 100vw, 1024px\" \/>\n\t<\/div>\n\n<\/div><div class=\"modula-item\" >\n\t<div class=\"modula-item-content\">\n\t\t\n\t\t\t\t\t<a data-image-id=\"3407\" tabindex=\"0\" rel=\"jtg-55062\" data-caption=\"\" aria-label=\"Open image in lightbox\" role=\"button\" class=\"tile-inner modula-item-link\"><\/a>\n\t\t\n\t\t<img class=\"pic wp-image-3407 lazyload\"  data-valign=\"middle\" data-halign=\"center\" alt=\"\" data-full=\"https:\/\/4m.cl\/wp\/wp-content\/uploads\/2019\/07\/3-1.jpg\" title=\"3 (1)\" width=\"1024\" height=\"768\" data-src=\"https:\/\/4m.cl\/wp\/wp-content\/uploads\/2019\/07\/3-1-1024x768.jpg\" data-caption=\"\" data-source=\"modula\" data-srcset=\"https:\/\/4m.cl\/wp\/wp-content\/uploads\/2019\/07\/3-1.jpg 1280w, https:\/\/4m.cl\/wp\/wp-content\/uploads\/2019\/07\/3-1-300x225.jpg 300w, https:\/\/4m.cl\/wp\/wp-content\/uploads\/2019\/07\/3-1-768x576.jpg 768w, https:\/\/4m.cl\/wp\/wp-content\/uploads\/2019\/07\/3-1-1024x768.jpg 1024w, https:\/\/4m.cl\/wp\/wp-content\/uploads\/2019\/07\/3-1-600x450.jpg 600w\" data-sizes=\"(max-width: 1024px) 100vw, 1024px\" \/>\n\t<\/div>\n\n<\/div><div class=\"modula-item\" >\n\t<div class=\"modula-item-content\">\n\t\t\n\t\t\t\t\t<a data-image-id=\"3406\" tabindex=\"0\" rel=\"jtg-55062\" data-caption=\"\" aria-label=\"Open image in lightbox\" role=\"button\" class=\"tile-inner modula-item-link\"><\/a>\n\t\t\n\t\t<img class=\"pic wp-image-3406 lazyload\"  data-valign=\"middle\" data-halign=\"center\" alt=\"\" data-full=\"https:\/\/4m.cl\/wp\/wp-content\/uploads\/2019\/07\/2.jpg\" title=\"2\" width=\"1024\" height=\"768\" data-src=\"https:\/\/4m.cl\/wp\/wp-content\/uploads\/2019\/07\/2-1024x768.jpg\" data-caption=\"\" data-source=\"modula\" data-srcset=\"https:\/\/4m.cl\/wp\/wp-content\/uploads\/2019\/07\/2.jpg 1280w, https:\/\/4m.cl\/wp\/wp-content\/uploads\/2019\/07\/2-300x225.jpg 300w, https:\/\/4m.cl\/wp\/wp-content\/uploads\/2019\/07\/2-768x576.jpg 768w, https:\/\/4m.cl\/wp\/wp-content\/uploads\/2019\/07\/2-1024x768.jpg 1024w, https:\/\/4m.cl\/wp\/wp-content\/uploads\/2019\/07\/2-600x450.jpg 600w\" data-sizes=\"(max-width: 1024px) 100vw, 1024px\" \/>\n\t<\/div>\n\n<\/div><div class=\"modula-item\" >\n\t<div class=\"modula-item-content\">\n\t\t\n\t\t\t\t\t<a data-image-id=\"3405\" tabindex=\"0\" rel=\"jtg-55062\" data-caption=\"\" aria-label=\"Open image in lightbox\" role=\"button\" class=\"tile-inner modula-item-link\"><\/a>\n\t\t\n\t\t<img class=\"pic wp-image-3405 lazyload\"  data-valign=\"middle\" data-halign=\"center\" alt=\"\" data-full=\"https:\/\/4m.cl\/wp\/wp-content\/uploads\/2019\/07\/1.jpg\" title=\"1\" width=\"1024\" height=\"768\" data-src=\"https:\/\/4m.cl\/wp\/wp-content\/uploads\/2019\/07\/1-1024x768.jpg\" data-caption=\"\" data-source=\"modula\" data-srcset=\"https:\/\/4m.cl\/wp\/wp-content\/uploads\/2019\/07\/1.jpg 1280w, https:\/\/4m.cl\/wp\/wp-content\/uploads\/2019\/07\/1-300x225.jpg 300w, https:\/\/4m.cl\/wp\/wp-content\/uploads\/2019\/07\/1-768x576.jpg 768w, https:\/\/4m.cl\/wp\/wp-content\/uploads\/2019\/07\/1-1024x768.jpg 1024w, https:\/\/4m.cl\/wp\/wp-content\/uploads\/2019\/07\/1-600x450.jpg 600w\" data-sizes=\"(max-width: 1024px) 100vw, 1024px\" \/>\n\t<\/div>\n\n<\/div><div class=\"modula-item\" >\n\t<div class=\"modula-item-content\">\n\t\t\n\t\t\t\t\t<a data-image-id=\"3847\" tabindex=\"0\" rel=\"jtg-55062\" data-caption=\"\" aria-label=\"Open image in lightbox\" role=\"button\" class=\"tile-inner modula-item-link\"><\/a>\n\t\t\n\t\t<img class=\"pic wp-image-3847 lazyload\"  data-valign=\"middle\" data-halign=\"center\" alt=\"\" data-full=\"https:\/\/4m.cl\/wp\/wp-content\/uploads\/2019\/07\/stand_square.jpg\" title=\"stand_square\" width=\"800\" height=\"800\" data-src=\"https:\/\/4m.cl\/wp\/wp-content\/uploads\/2019\/07\/stand_square.jpg\" data-caption=\"\" data-source=\"modula\" data-srcset=\"https:\/\/4m.cl\/wp\/wp-content\/uploads\/2019\/07\/stand_square.jpg 800w, https:\/\/4m.cl\/wp\/wp-content\/uploads\/2019\/07\/stand_square-150x150.jpg 150w, https:\/\/4m.cl\/wp\/wp-content\/uploads\/2019\/07\/stand_square-300x300.jpg 300w, https:\/\/4m.cl\/wp\/wp-content\/uploads\/2019\/07\/stand_square-768x768.jpg 768w, https:\/\/4m.cl\/wp\/wp-content\/uploads\/2019\/07\/stand_square-600x600.jpg 600w, https:\/\/4m.cl\/wp\/wp-content\/uploads\/2019\/07\/stand_square-100x100.jpg 100w\" data-sizes=\"(max-width: 800px) 100vw, 800px\" \/>\n\t<\/div>\n\n<\/div>\t\t\n\t<\/div>\n\n\t\n\t\n\t<script type=\"application\/ld+json\">\n\t{\n\t\t\"@context\": \"http:\/\/schema.org\",\n\t\t\"@type\"   : \"ImageGallery\",\n\t\t\"id\"      : \"https:\/\/4m.cl\/?page_id=55064\/\",\n\t\t\"url\"     : \"https:\/\/4m.cl\/?page_id=55064\/\"\n\t}\n\n\t<\/script>\n\n\t\n<\/div>\n<\/div><\/div>\n<\/div><\/div><\/div>\n","protected":false},"excerpt":{"rendered":"","protected":false},"author":1,"featured_media":0,"parent":0,"menu_order":0,"comment_status":"closed","ping_status":"closed","template":"","meta":{"kt_blocks_editor_width":""},"_links":{"self":[{"href":"https:\/\/4m.cl\/index.php?rest_route=\/wp\/v2\/pages\/55064"}],"collection":[{"href":"https:\/\/4m.cl\/index.php?rest_route=\/wp\/v2\/pages"}],"about":[{"href":"https:\/\/4m.cl\/index.php?rest_route=\/wp\/v2\/types\/page"}],"author":[{"embeddable":true,"href":"https:\/\/4m.cl\/index.php?rest_route=\/wp\/v2\/users\/1"}],"replies":[{"embeddable":true,"href":"https:\/\/4m.cl\/index.php?rest_route=%2Fwp%2Fv2%2Fcomments&post=55064"}],"version-history":[{"count":3,"href":"https:\/\/4m.cl\/index.php?rest_route=\/wp\/v2\/pages\/55064\/revisions"}],"predecessor-version":[{"id":55069,"href":"https:\/\/4m.cl\/index.php?rest_route=\/wp\/v2\/pages\/55064\/revisions\/55069"}],"wp:attachment":[{"href":"https:\/\/4m.cl\/index.php?rest_route=%2Fwp%2Fv2%2Fmedia&parent=55064"}],"curies":[{"name":"wp","href":"https:\/\/api.w.org\/{rel}","templated":true}]}}