{"id":54992,"date":"2024-06-07T11:04:33","date_gmt":"2024-06-07T15:04:33","guid":{"rendered":"http:\/\/4m.cl\/?page_id=54992"},"modified":"2024-06-07T11:06:21","modified_gmt":"2024-06-07T15:06:21","slug":"sokobox","status":"publish","type":"page","link":"https:\/\/4m.cl\/?page_id=54992","title":{"rendered":"STANDS"},"content":{"rendered":"\n<div class=\"wp-block-kadence-rowlayout alignnone\"><div id=\"kt-layout-id_c29665-ae\" class=\"kt-row-layout-inner  kt-layout-id_c29665-ae\"><div class=\"kt-row-column-wrap kt-has-2-columns kt-gutter-default kt-v-gutter-default kt-row-valign-top kt-row-layout-right-golden kt-tab-layout-inherit kt-m-colapse-left-to-right kt-mobile-layout-row\">\n<div class=\"wp-block-kadence-column inner-column-1 kadence-column_98e0b5-89\"><div class=\"kt-inside-inner-col\">\n<div style=\"color:#fc7626;font-size:30px;margin-bottom:10px; font-weight: 600;\">SOKOBOX<\/div>\n\n\n\n<p class=\"has-normal-font-size\" style=\"text-align: justify; font-size: 18px;\">Sokobox nace a partir de la inspiraci\u00f3n del concepto health &amp; wellness, donde el cuidado integral es el protagonista, ayud\u00e1ndote a mejorar tu bienestar desde el interior. Nuestro enfoque principal es que aqu\u00ed encuentres tu lugar, te sientas \u00fanicx (que lo eres) y definas tu propio concepto de belleza.<\/p>\n<\/div><\/div>\n\n\n\n<div class=\"wp-block-kadence-column inner-column-2 kadence-column_544a38-9c\"><div class=\"kt-inside-inner-col\"><style>#jtg-54997 .modula-item .jtg-social a, .lightbox-socials.jtg-social a{ fill: #ffffff; color: #ffffff }#jtg-54997 .modula-item .jtg-social-mobile a{ fill: #ffffff; color: #ffffff }#jtg-54997 .modula-item .jtg-social svg, .lightbox-socials.jtg-social svg { height: 16px; width: 16px }#jtg-54997 .modula-item .jtg-social-mobile svg { height: 16px; width: 16px }#jtg-54997 .modula-item .jtg-social a:not(:last-child), .lightbox-socials.jtg-social a:not(:last-child) { margin-right: 10px }#jtg-54997 .modula-item .jtg-social-mobile .jtg-social-mobile-icons a:not(:last-child){ margin-right: 10px }#jtg-54997 .modula-item .figc {color:#ffffff;}#jtg-54997 .modula-item .modula-item-content { transform: scale(1) }#jtg-54997 { width:100%;}#jtg-54997 .modula-items{height:500px;}@media screen and (max-width: 992px) {#jtg-54997 .modula-items{height:500px;}}@media screen and (max-width: 768px) {#jtg-54997 .modula-items{height:500px;}}#jtg-54997 .modula-items .figc p.description { font-size:14px; }#jtg-54997 .modula-items .figc p.description { color:#ffffff;}#jtg-54997.modula-gallery .modula-item > a, #jtg-54997.modula-gallery .modula-item, #jtg-54997.modula-gallery .modula-item-content > a:not(.modula-no-follow) { cursor:zoom-in; } #jtg-54997.modula-gallery .modula-item-content .modula-no-follow { cursor: default; } @media screen and (max-width:480px){#jtg-54997 .modula-item .figc .jtg-title {  font-size: 12px; }#jtg-54997 .modula-items .figc p.description { color:#ffffff;font-size:10px; }}#jtg-54997 .modula-items .modula-item:hover img{opacity:1;}<\/style>\n<!-- Gallery Container -->\n<div  id=\"jtg-54997\" class=\"modula modula-gallery modula-creative-gallery\" data-config=\"{&quot;height&quot;:500,&quot;tabletHeight&quot;:500,&quot;mobileHeight&quot;:500,&quot;desktopHeight&quot;:500,&quot;enableTwitter&quot;:false,&quot;enableWhatsapp&quot;:false,&quot;enableFacebook&quot;:false,&quot;enablePinterest&quot;:false,&quot;enableLinkedin&quot;:false,&quot;enableEmail&quot;:false,&quot;randomFactor&quot;:0.5,&quot;type&quot;:&quot;creative-gallery&quot;,&quot;columns&quot;:12,&quot;gutter&quot;:10,&quot;mobileGutter&quot;:10,&quot;tabletGutter&quot;:10,&quot;desktopGutter&quot;:10,&quot;enableResponsive&quot;:&quot;0&quot;,&quot;tabletColumns&quot;:2,&quot;mobileColumns&quot;:1,&quot;lazyLoad&quot;:true,&quot;lightboxOpts&quot;:{&quot;animated&quot;:true,&quot;Thumbs&quot;:{&quot;type&quot;:&quot;modern&quot;,&quot;showOnStart&quot;:false},&quot;Toolbar&quot;:{&quot;display&quot;:{&quot;right&quot;:[&quot;close&quot;]},&quot;enabled&quot;:true},&quot;Carousel&quot;:{&quot;Panzoom&quot;:{&quot;touch&quot;:false},&quot;infinite&quot;:false},&quot;keyboard&quot;:{&quot;Escape&quot;:&quot;close&quot;,&quot;Delete&quot;:&quot;close&quot;,&quot;Backspace&quot;:&quot;close&quot;,&quot;PageUp&quot;:false,&quot;PageDown&quot;:false,&quot;ArrowUp&quot;:false,&quot;ArrowDown&quot;:false,&quot;ArrowRight&quot;:false,&quot;ArrowLeft&quot;:false},&quot;touch&quot;:false,&quot;backdropClick&quot;:false,&quot;l10n&quot;:{&quot;CLOSE&quot;:&quot;Close&quot;,&quot;NEXT&quot;:&quot;Next&quot;,&quot;PREV&quot;:&quot;Previous&quot;,&quot;Error&quot;:&quot;The requested content cannot be loaded. Please try again later.&quot;,&quot;PLAY_START&quot;:&quot;Start slideshow&quot;,&quot;PLAY_STOP&quot;:&quot;Pause slideshow&quot;,&quot;FULL_SCREEN&quot;:&quot;Full screen&quot;,&quot;THUMBS&quot;:&quot;Thumbnails&quot;,&quot;DOWNLOAD&quot;:&quot;Download&quot;,&quot;SHARE&quot;:&quot;Share&quot;,&quot;ZOOM&quot;:&quot;Zoom&quot;,&quot;EMAIL&quot;:&quot;Here is the link to the image : %%image_link%% and this is the link to the gallery : %%gallery_link%%&quot;,&quot;MODAL&quot;:&quot;You can close this modal content with the ESC key&quot;,&quot;ERROR&quot;:&quot;Something Went Wrong, Please Try Again Later&quot;,&quot;IMAGE_ERROR&quot;:&quot;Image Not Found&quot;,&quot;ELEMENT_NOT_FOUND&quot;:&quot;HTML Element Not Found&quot;,&quot;AJAX_NOT_FOUND&quot;:&quot;Error Loading AJAX : Not Found&quot;,&quot;AJAX_FORBIDDEN&quot;:&quot;Error Loading AJAX : Forbidden&quot;,&quot;IFRAME_ERROR&quot;:&quot;Error Loading Page&quot;,&quot;TOGGLE_ZOOM&quot;:&quot;Toggle zoom level&quot;,&quot;TOGGLE_THUMBS&quot;:&quot;Toggle thumbnails&quot;,&quot;TOGGLE_SLIDESHOW&quot;:&quot;Toggle slideshow&quot;,&quot;TOGGLE_FULLSCREEN&quot;:&quot;Toggle full-screen mode&quot;},&quot;Images&quot;:{&quot;Panzoom&quot;:{&quot;maxScale&quot;:2}},&quot;mainClass&quot;:&quot;modula-fancybox-container modula-lightbox-jtg-54997&quot;,&quot;Html&quot;:{&quot;videoAutoplay&quot;:0,&quot;videoTpl&quot;:&quot;&lt;video class=\\&quot;fancybox__html5video\\&quot; controls muted playsinline controlsList controlsList=\\&quot;nodownload\\&quot; poster=\\&quot;{{poster}}\\&quot; src=\\&quot;{{src}}\\&quot; type=\\&quot;{{format}}\\&quot; &gt;  Sorry, your browser doesn&#039;t support embedded videos, &lt;a href=\\&quot;{{src}}\\&quot;&gt; download &lt;\\\/a&gt; and watch with your favorite video player! &lt;\\\/video&gt;&quot;}},&quot;inView&quot;:false,&quot;email_subject&quot;:&quot;Check out this awesome image !!&quot;,&quot;email_message&quot;:&quot;Here is the link to the image : %%image_link%% and this is the link to the gallery : %%gallery_link%%&quot;,&quot;lightbox&quot;:&quot;fancybox&quot;}\">\n\n\t\n\t<!-- Items Container -->\n\t<div  class=\"modula-items\">\n\t\t<div class=\"modula-item\" >\n\t<div class=\"modula-item-content\">\n\t\t\n\t\t\t\t\t<a data-image-id=\"54985\" tabindex=\"0\" rel=\"jtg-54997\" data-caption=\"\" aria-label=\"Open image in lightbox\" role=\"button\" class=\"tile-inner modula-item-link\"><\/a>\n\t\t\n\t\t<img class=\"pic wp-image-54985 lazyload\"  data-valign=\"middle\" data-halign=\"center\" alt=\"\" data-full=\"https:\/\/4m.cl\/wp\/wp-content\/uploads\/2024\/06\/WhatsApp-Image-2024-05-31-at-10.42.31-4-1-e1717709389110.jpeg\" title=\"WhatsApp Image 2024-05-31 at 10.42.31 (4)\" width=\"1024\" height=\"768\" data-src=\"https:\/\/4m.cl\/wp\/wp-content\/uploads\/2024\/06\/WhatsApp-Image-2024-05-31-at-10.42.31-4-1-1024x768.jpeg\" data-caption=\"\" data-source=\"modula\"\/>\n\t<\/div>\n\n<\/div><div class=\"modula-item\" >\n\t<div class=\"modula-item-content\">\n\t\t\n\t\t\t\t\t<a data-image-id=\"54984\" tabindex=\"0\" rel=\"jtg-54997\" data-caption=\"\" aria-label=\"Open image in lightbox\" role=\"button\" class=\"tile-inner modula-item-link\"><\/a>\n\t\t\n\t\t<img class=\"pic wp-image-54984 lazyload\"  data-valign=\"middle\" data-halign=\"center\" alt=\"\" data-full=\"https:\/\/4m.cl\/wp\/wp-content\/uploads\/2024\/06\/WhatsApp-Image-2024-05-31-at-10.42.31-10.jpeg\" title=\"WhatsApp Image 2024-05-31 at 10.42.31 (10)\" width=\"1024\" height=\"768\" data-src=\"https:\/\/4m.cl\/wp\/wp-content\/uploads\/2024\/06\/WhatsApp-Image-2024-05-31-at-10.42.31-10-1024x768.jpeg\" data-caption=\"\" data-source=\"modula\" data-srcset=\"https:\/\/4m.cl\/wp\/wp-content\/uploads\/2024\/06\/WhatsApp-Image-2024-05-31-at-10.42.31-10.jpeg 1280w, https:\/\/4m.cl\/wp\/wp-content\/uploads\/2024\/06\/WhatsApp-Image-2024-05-31-at-10.42.31-10-300x225.jpeg 300w, https:\/\/4m.cl\/wp\/wp-content\/uploads\/2024\/06\/WhatsApp-Image-2024-05-31-at-10.42.31-10-1024x768.jpeg 1024w, https:\/\/4m.cl\/wp\/wp-content\/uploads\/2024\/06\/WhatsApp-Image-2024-05-31-at-10.42.31-10-768x576.jpeg 768w\" data-sizes=\"(max-width: 1024px) 100vw, 1024px\" \/>\n\t<\/div>\n\n<\/div><div class=\"modula-item\" >\n\t<div class=\"modula-item-content\">\n\t\t\n\t\t\t\t\t<a data-image-id=\"54983\" tabindex=\"0\" rel=\"jtg-54997\" data-caption=\"\" aria-label=\"Open image in lightbox\" role=\"button\" class=\"tile-inner modula-item-link\"><\/a>\n\t\t\n\t\t<img class=\"pic wp-image-54983 lazyload\"  data-valign=\"middle\" data-halign=\"center\" alt=\"\" data-full=\"https:\/\/4m.cl\/wp\/wp-content\/uploads\/2024\/06\/WhatsApp-Image-2024-05-31-at-10.42.31-8.jpeg\" title=\"WhatsApp Image 2024-05-31 at 10.42.31 (8)\" width=\"1024\" height=\"768\" data-src=\"https:\/\/4m.cl\/wp\/wp-content\/uploads\/2024\/06\/WhatsApp-Image-2024-05-31-at-10.42.31-8-1024x768.jpeg\" data-caption=\"\" data-source=\"modula\" data-srcset=\"https:\/\/4m.cl\/wp\/wp-content\/uploads\/2024\/06\/WhatsApp-Image-2024-05-31-at-10.42.31-8.jpeg 1280w, https:\/\/4m.cl\/wp\/wp-content\/uploads\/2024\/06\/WhatsApp-Image-2024-05-31-at-10.42.31-8-300x225.jpeg 300w, https:\/\/4m.cl\/wp\/wp-content\/uploads\/2024\/06\/WhatsApp-Image-2024-05-31-at-10.42.31-8-1024x768.jpeg 1024w, https:\/\/4m.cl\/wp\/wp-content\/uploads\/2024\/06\/WhatsApp-Image-2024-05-31-at-10.42.31-8-768x576.jpeg 768w\" data-sizes=\"(max-width: 1024px) 100vw, 1024px\" \/>\n\t<\/div>\n\n<\/div><div class=\"modula-item\" >\n\t<div class=\"modula-item-content\">\n\t\t\n\t\t\t\t\t<a data-image-id=\"54981\" tabindex=\"0\" rel=\"jtg-54997\" data-caption=\"\" aria-label=\"Open image in lightbox\" role=\"button\" class=\"tile-inner modula-item-link\"><\/a>\n\t\t\n\t\t<img class=\"pic wp-image-54981 lazyload\"  data-valign=\"middle\" data-halign=\"center\" alt=\"\" data-full=\"https:\/\/4m.cl\/wp\/wp-content\/uploads\/2024\/06\/WhatsApp-Image-2024-05-31-at-10.42.31-2.jpeg\" title=\"WhatsApp Image 2024-05-31 at 10.42.31 (2)\" width=\"768\" height=\"1024\" data-src=\"https:\/\/4m.cl\/wp\/wp-content\/uploads\/2024\/06\/WhatsApp-Image-2024-05-31-at-10.42.31-2-768x1024.jpeg\" data-caption=\"\" data-source=\"modula\" data-srcset=\"https:\/\/4m.cl\/wp\/wp-content\/uploads\/2024\/06\/WhatsApp-Image-2024-05-31-at-10.42.31-2.jpeg 960w, https:\/\/4m.cl\/wp\/wp-content\/uploads\/2024\/06\/WhatsApp-Image-2024-05-31-at-10.42.31-2-225x300.jpeg 225w, https:\/\/4m.cl\/wp\/wp-content\/uploads\/2024\/06\/WhatsApp-Image-2024-05-31-at-10.42.31-2-768x1024.jpeg 768w\" data-sizes=\"(max-width: 768px) 100vw, 768px\" \/>\n\t<\/div>\n\n<\/div>\t\t\n\t<\/div>\n\n\t\n\t\n\t<script type=\"application\/ld+json\">\n\t{\n\t\t\"@context\": \"http:\/\/schema.org\",\n\t\t\"@type\"   : \"ImageGallery\",\n\t\t\"id\"      : \"https:\/\/4m.cl\/?page_id=54992\/\",\n\t\t\"url\"     : \"https:\/\/4m.cl\/?page_id=54992\/\"\n\t}\n\n\t<\/script>\n\n\t\n<\/div>\n<\/div><\/div>\n<\/div><\/div><\/div>\n","protected":false},"excerpt":{"rendered":"","protected":false},"author":1,"featured_media":0,"parent":0,"menu_order":0,"comment_status":"closed","ping_status":"closed","template":"","meta":{"kt_blocks_editor_width":""},"_links":{"self":[{"href":"https:\/\/4m.cl\/index.php?rest_route=\/wp\/v2\/pages\/54992"}],"collection":[{"href":"https:\/\/4m.cl\/index.php?rest_route=\/wp\/v2\/pages"}],"about":[{"href":"https:\/\/4m.cl\/index.php?rest_route=\/wp\/v2\/types\/page"}],"author":[{"embeddable":true,"href":"https:\/\/4m.cl\/index.php?rest_route=\/wp\/v2\/users\/1"}],"replies":[{"embeddable":true,"href":"https:\/\/4m.cl\/index.php?rest_route=%2Fwp%2Fv2%2Fcomments&post=54992"}],"version-history":[{"count":4,"href":"https:\/\/4m.cl\/index.php?rest_route=\/wp\/v2\/pages\/54992\/revisions"}],"predecessor-version":[{"id":55001,"href":"https:\/\/4m.cl\/index.php?rest_route=\/wp\/v2\/pages\/54992\/revisions\/55001"}],"wp:attachment":[{"href":"https:\/\/4m.cl\/index.php?rest_route=%2Fwp%2Fv2%2Fmedia&parent=54992"}],"curies":[{"name":"wp","href":"https:\/\/api.w.org\/{rel}","templated":true}]}}