{"id":3513,"date":"2019-07-06T16:31:57","date_gmt":"2019-07-06T16:31:57","guid":{"rendered":"http:\/\/3.219.6.255\/4m_site\/?page_id=3513"},"modified":"2024-06-07T14:17:07","modified_gmt":"2024-06-07T18:17:07","slug":"muebles-punto-venta","status":"publish","type":"page","link":"https:\/\/4m.cl\/?page_id=3513","title":{"rendered":"PUNTO DE VENTA"},"content":{"rendered":"\n<div class=\"wp-block-kadence-rowlayout alignnone\"><div id=\"kt-layout-id_cc54ee-79\" class=\"kt-row-layout-inner  kt-layout-id_cc54ee-79\"><div class=\"kt-row-column-wrap kt-has-2-columns kt-gutter-default kt-v-gutter-default kt-row-valign-top kt-row-layout-right-golden kt-tab-layout-inherit kt-m-colapse-left-to-right kt-mobile-layout-row\">\n<div class=\"wp-block-kadence-column inner-column-1 kadence-column_00c797-6d\"><div class=\"kt-inside-inner-col\">\n<p class=\"has-normal-font-size\"><h3 style=\"color:#ff5100; font-family: Helvetica; font-weight: 600; font-size: 30px !important; line-height: 34px; margin-bottom: 20px; margin-top: 0px;\">\u00bfPor qu\u00e9 los muebles en punto de venta se deben trabajar con mas atenci\u00f3n?<\/h3>\n<p style=\"font-size: 18px; line-height: 24px; \">El Punto de Venta es el contacto con el consumidor con las marcas o productos para su compra. Asimismo, una de las primeras decisiones que debe tomar evl responsable de la venta de los productos, es la divisi\u00f3n del surtido en secciones.\n    Dicha divisi\u00f3n debe realizarse tras un an\u00e1lisis de las caracter\u00edsticas del entorno, de la clientela, de la competencia, etc., de manera que responda a las necesidades del tipo de tienda.<\/p>\n<p style=\"font-size: 18px; line-height: 24px; \">De acuerdo a a un estudio cerca del 80 por ciento de las decisiones de compra se toman en el Punto de Venta. Asimismo, un factor que influye en las decisiones de compra es el mobiliario.<\/p>\n<p style=\"font-size: 18px; line-height: 24px; \">La estructura interior de todo comercio se debe diferenciar atendiendo a la forma de venta, de igual manera, servir\u00e1 para exponer elementos de promoci\u00f3n para las distintas marcas y distribuidores.<\/p><\/p>\n<\/div><\/div>\n\n\n\n<div class=\"wp-block-kadence-column inner-column-2 kadence-column_51b7da-f6\"><div class=\"kt-inside-inner-col\"><style id=\"kt-blocks_3e8393-e6\" type=\"text\/css\">#kt-layout-id_3e8393-e6 > .kt-row-column-wrap {padding-top:0px;}<\/style>\n<div class=\"wp-block-kadence-rowlayout alignnone\"><div id=\"kt-layout-id_3e8393-e6\" class=\"kt-row-layout-inner  kt-layout-id_3e8393-e6\"><div class=\"kt-row-column-wrap kt-has-3-columns kt-gutter-default kt-v-gutter-default kt-row-valign-top kt-row-layout-equal kt-tab-layout-inherit kt-m-colapse-left-to-right kt-mobile-layout-row\">\n<div class=\"wp-block-kadence-column inner-column-1 kadence-column_aa12f6-1f\"><div class=\"kt-inside-inner-col\">\n<table cellpadding=\"0\" cellspacing=\"0\">\n\t\t\t\t\t\t\t\t\t\t\t\t\t\t<tbody><tr><td style=\"padding:0px;\"><a href=\"?page_id=3650\"><img decoding=\"async\" src=\"http:\/\/4m.cl\/wp\/wp-content\/uploads\/2023\/11\/MATERIAL-WEB-17.jpg\" alt=\"\" style=\"border:none;width:100%\"><\/a><\/td><\/tr>\n\t\t\t\t\t\t\t\t<tr><td style=\"background-color:#9eaab1;color:#fff;text-align:center;font-family:helvetica;\">ACR\u00cdLICOS<\/td><\/tr>\n\t\t\t\t\t\t\t<\/tbody><\/table>\n<\/div><\/div>\n\n\n\n<div class=\"wp-block-kadence-column inner-column-2 kadence-column_45d314-62\"><div class=\"kt-inside-inner-col\">\n<table cellpadding=\"0\" cellspacing=\"0\">\n\t\t<tbody><tr><td style=\"padding:0px;\"><a href=\"?page_id=3856\"><img decoding=\"async\" src=\"http:\/\/4m.cl\/wp\/wp-content\/uploads\/2023\/11\/MATERIAL-WEB-20.jpg\" alt=\"\" style=\"border:none;width:100%\"><\/a><\/td><\/tr>\n\t<tr><td style=\"background-color:#9eaab1;color:#fff;text-align:center;font-family:helvetica;\">MUEBLES<\/td><\/tr>\n<\/tbody><\/table>\n<\/div><\/div>\n\n\n\n<div class=\"wp-block-kadence-column kadence-column8398 inner-column-1 kadence-column wp-block-kadence-rowlayout alignnone\"><div class=\"kt-inside-inner-col\">\n<div class=\"wp-block-kadence-column kadence-column1242 inner-column-1 kadence-column inner-column-2 kadence-column_c12519-13\"><div class=\"kt-inside-inner-col\">\n<!--<table cellpadding=\"0\" cellspacing=\"0\">\n\t\t\t\t\t\t\t\t\t\t\t\t\t\t<tbody><tr><td style=\"padding:0px;\"><a href=\"?page_id=3579\"><img decoding=\"async\" src=\"http:\/\/4m.cl\/wp\/wp-content\/uploads\/2023\/11\/Inmobiliarios-07.jpg\" alt=\"\" style=\"border:none;width:100%\"><\/a><\/td><\/tr>\n\t\t\t\t\t\t\t\t<tr><td style=\"background-color:#9E9B9B;color:#fff;text-align:center;font-family:helvetica;\">KOMATSU<\/td><\/tr>\n\t\t\t\t\t\t\t<\/tbody><\/table>-->\n<\/div><\/div>\n\n\n\n<div class=\"wp-block-kadence-column inner-column-3 kadence-column_759d0e-c1\"><div class=\"kt-inside-inner-col\">\n<!--<table cellpadding=\"0\" cellspacing=\"0\">\n\t\t\t\t\t\t\t\t\t\t\t\t\t\t<tbody><tr><td style=\"padding:0px;\"><a href=\"?page_id=3609\"><img decoding=\"async\" src=\"http:\/\/4m.cl\/wp\/wp-content\/uploads\/2023\/11\/Inmobiliarios-10.jpg\" alt=\"\" style=\"border:none;width:100%\"><\/a><\/td><\/tr>\n\t\t\t\t\t\t\t\t<tr><td style=\"background-color:#9E9B9B;color:#fff;text-align:center;font-family:helvetica;\">KIMBERLY CLARK<\/td><\/tr>\n\t\t\t\t\t\t\t<\/tbody><\/table>-->\n<\/div><\/div>\n<\/div><\/div>\n<\/div><\/div><\/div>\n<\/div><\/div>\n<\/div><\/div><\/div>\n","protected":false},"excerpt":{"rendered":"","protected":false},"author":1,"featured_media":0,"parent":0,"menu_order":0,"comment_status":"closed","ping_status":"closed","template":"page-templates\/full-width.php","meta":{"kt_blocks_editor_width":""},"_links":{"self":[{"href":"https:\/\/4m.cl\/index.php?rest_route=\/wp\/v2\/pages\/3513"}],"collection":[{"href":"https:\/\/4m.cl\/index.php?rest_route=\/wp\/v2\/pages"}],"about":[{"href":"https:\/\/4m.cl\/index.php?rest_route=\/wp\/v2\/types\/page"}],"author":[{"embeddable":true,"href":"https:\/\/4m.cl\/index.php?rest_route=\/wp\/v2\/users\/1"}],"replies":[{"embeddable":true,"href":"https:\/\/4m.cl\/index.php?rest_route=%2Fwp%2Fv2%2Fcomments&post=3513"}],"version-history":[{"count":43,"href":"https:\/\/4m.cl\/index.php?rest_route=\/wp\/v2\/pages\/3513\/revisions"}],"predecessor-version":[{"id":55027,"href":"https:\/\/4m.cl\/index.php?rest_route=\/wp\/v2\/pages\/3513\/revisions\/55027"}],"wp:attachment":[{"href":"https:\/\/4m.cl\/index.php?rest_route=%2Fwp%2Fv2%2Fmedia&parent=3513"}],"curies":[{"name":"wp","href":"https:\/\/api.w.org\/{rel}","templated":true}]}}