{"id":3509,"date":"2019-07-06T16:30:08","date_gmt":"2019-07-06T16:30:08","guid":{"rendered":"http:\/\/3.219.6.255\/4m_site\/?page_id=3509"},"modified":"2024-06-07T13:36:43","modified_gmt":"2024-06-07T17:36:43","slug":"proyectos-especiales","status":"publish","type":"page","link":"https:\/\/4m.cl\/?page_id=3509","title":{"rendered":"PROYECTOS ESPECIALES"},"content":{"rendered":"\n<div class=\"wp-block-kadence-rowlayout alignnone\"><div id=\"kt-layout-id_cc54ee-79\" class=\"kt-row-layout-inner  kt-layout-id_cc54ee-79\"><div class=\"kt-row-column-wrap kt-has-2-columns kt-gutter-default kt-v-gutter-default kt-row-valign-top kt-row-layout-right-golden kt-tab-layout-inherit kt-m-colapse-left-to-right kt-mobile-layout-row\">\n<div class=\"wp-block-kadence-column inner-column-1 kadence-column_00c797-6d\"><div class=\"kt-inside-inner-col\">\n<p class=\"has-normal-font-size\"><h3 style=\"color:#ff5100; font-family: Helvetica; font-weight: 600; font-size: 30px !important; line-height: 34px; margin-bottom: 20px; margin-top: 0px;\">\u00bfTienes un proyecto en mente y no sabes a qui\u00e9n acudir?<\/h3>\n\t\t<p style=\"font-size: 18px; line-height: 24px; \">A lo que llamamos proyectos especiales son los encargos que mezclan distintos tipos de elementos POP o necesitan alguna labor de mayor envergadura. Este tipo de proyectos var\u00edan desde letras volum\u00e9tricas de gran tama\u00f1o en altura, hasta la realizaci\u00f3n de muebles a medida para los espacios de tu hogar.<\/p>\n\t\t<p style=\"font-size: 18px; line-height: 24px; \">Contamos con taller propio, muebler\u00eda, pintura al horno, fierro, acr\u00edlico, armado, ploter de corte, impresi\u00f3n digital, impresi\u00f3n cama plana e instalaciones con t\u00e9cnicos de gran experiencia, junto a un equipo de especialistas en cada \u00e1rea.<\/p>\n<\/div><\/div>\n\n\n\n<div class=\"wp-block-kadence-column inner-column-2 kadence-column_51b7da-f6\"><div class=\"kt-inside-inner-col\"><style id=\"kt-blocks_3e8393-e6\" type=\"text\/css\">#kt-layout-id_3e8393-e6 > .kt-row-column-wrap {padding-top:0px;}<\/style>\n<div class=\"wp-block-kadence-rowlayout alignnone\"><div id=\"kt-layout-id_3e8393-e6\" class=\"kt-row-layout-inner  kt-layout-id_3e8393-e6\"><div class=\"kt-row-column-wrap kt-has-3-columns kt-gutter-default kt-v-gutter-default kt-row-valign-top kt-row-layout-equal kt-tab-layout-inherit kt-m-colapse-left-to-right kt-mobile-layout-row\">\n<div class=\"wp-block-kadence-column inner-column-1 kadence-column_aa12f6-1f\"><div class=\"kt-inside-inner-col\">\n<table cellpadding=\"0\" cellspacing=\"0\">\n\t\t\t\t\t\t\t\t\t<tbody><tr><td style=\"padding:0px;\"><a href=\"?page_id=3628\"><img decoding=\"async\" src=\"http:\/\/4m.cl\/wp\/wp-content\/uploads\/2023\/11\/Especiales14.jpg\" alt=\"\" style=\"border:none;width:100%\"><\/a><\/td><\/tr>\n\t\t\t\t\t\t\t\t\t<tr><td style=\"background-color:#9eaab1;color:#fff;text-align:center;font-family:helvetica;\">CL\u00cdNICA BUPA SANTIAGO<\/td><\/tr>\n\t\t\t\t\t\t\t\t<\/tbody><\/table>\n<\/div><\/div>\n\n\n\n<div class=\"wp-block-kadence-column inner-column-2 kadence-column_45d314-62\"><div class=\"kt-inside-inner-col\">\n<table cellpadding=\"0\" cellspacing=\"0\">\n\t\t\t\t\t\t\t\t\t<tbody><tr><td style=\"padding:0px;\"><a href=\"?page_id=3632\"><img decoding=\"async\" src=\"http:\/\/4m.cl\/wp\/wp-content\/uploads\/2023\/11\/Especiales15.jpg\" alt=\"\" style=\"border:none;width:100%\"><\/a><\/td><\/tr>\n\t\t\t\t\t\t\t\t\t<tr><td style=\"background-color:#9eaab1;color:#fff;text-align:center;font-family:helvetica;\">CL\u00cdNICA REDSALUD ELQUI<\/td><\/tr>\n\t\t\t\t\t\t\t\t<\/tbody><\/table>\n<\/div><\/div>\n\n\n\n<div class=\"wp-block-kadence-column inner-column-3 kadence-column_92b11f-79\"><div class=\"kt-inside-inner-col\">\n<table cellpadding=\"0\" cellspacing=\"0\">\n\t\t\t\t\t\t\t\t\t\t\t\t\t\t\t<tbody><tr><td style=\"padding:0px;\"><a href=\"?page_id=3636\"><img decoding=\"async\" src=\"http:\/\/4m.cl\/wp\/wp-content\/uploads\/2023\/11\/Especiales16.jpg\" alt=\"\" style=\"border:none;width:100%\"><\/a><\/td><\/tr>\n\t\t\t\t\t\t\t\t\t<tr><td style=\"background-color:#9eaab1;color:#fff;text-align:center;font-family:helvetica;\">MUNICIPALIDAD DE VITACURA<\/td><\/tr>\n\t\t\t\t\t\t\t\t<\/tbody><\/table>\n<\/div><\/div>\n<\/div><\/div><\/div>\n\n\n\n<div class=\"wp-block-kadence-rowlayout alignnone\"><div id=\"kt-layout-id_cbb3ed-26\" class=\"kt-row-layout-inner  kt-layout-id_cbb3ed-26\"><div class=\"kt-row-column-wrap kt-has-3-columns kt-gutter-default kt-v-gutter-default kt-row-valign-top kt-row-layout-equal kt-tab-layout-inherit kt-m-colapse-left-to-right kt-mobile-layout-row\">\n<div class=\"wp-block-kadence-column inner-column-1 kadence-column_a163fd-d4\"><div class=\"kt-inside-inner-col\">\n<table cellpadding=\"0\" cellspacing=\"0\">\n\t\t\t<tbody><tr><td style=\"padding:0px;\"><a href=\"?page_id=3658\"><img decoding=\"async\" src=\"http:\/\/4m.cl\/wp\/wp-content\/uploads\/2023\/11\/MATERIAL-WEB-18.jpg\" alt=\"\" style=\"border:none;width:100%\"><\/a><\/td><\/tr>\n<tr><td style=\"background-color:#9eaab1;color:#fff;text-align:center;font-family:helvetica;\">LETREROS VOLUM\u00c9TRICOS<\/td><\/tr>\n<\/tbody><\/table>\n<\/div><\/div>\n\n\n\n<div class=\"wp-block-kadence-column inner-column-2 kadence-column_c12519-13\"><div class=\"kt-inside-inner-col\"><\/div><\/div>\n\n\n\n<div class=\"wp-block-kadence-column inner-column-3 kadence-column_759d0e-c1\"><div class=\"kt-inside-inner-col\"><\/div><\/div>\n<\/div><\/div><\/div>\n<\/div><\/div>\n<\/div><\/div><\/div>\n\n\n\n<p><\/p>\n","protected":false},"excerpt":{"rendered":"","protected":false},"author":1,"featured_media":0,"parent":0,"menu_order":0,"comment_status":"closed","ping_status":"closed","template":"page-templates\/full-width.php","meta":{"kt_blocks_editor_width":""},"_links":{"self":[{"href":"https:\/\/4m.cl\/index.php?rest_route=\/wp\/v2\/pages\/3509"}],"collection":[{"href":"https:\/\/4m.cl\/index.php?rest_route=\/wp\/v2\/pages"}],"about":[{"href":"https:\/\/4m.cl\/index.php?rest_route=\/wp\/v2\/types\/page"}],"author":[{"embeddable":true,"href":"https:\/\/4m.cl\/index.php?rest_route=\/wp\/v2\/users\/1"}],"replies":[{"embeddable":true,"href":"https:\/\/4m.cl\/index.php?rest_route=%2Fwp%2Fv2%2Fcomments&post=3509"}],"version-history":[{"count":34,"href":"https:\/\/4m.cl\/index.php?rest_route=\/wp\/v2\/pages\/3509\/revisions"}],"predecessor-version":[{"id":55022,"href":"https:\/\/4m.cl\/index.php?rest_route=\/wp\/v2\/pages\/3509\/revisions\/55022"}],"wp:attachment":[{"href":"https:\/\/4m.cl\/index.php?rest_route=%2Fwp%2Fv2%2Fmedia&parent=3509"}],"curies":[{"name":"wp","href":"https:\/\/api.w.org\/{rel}","templated":true}]}}