{"id":3505,"date":"2019-07-06T16:27:51","date_gmt":"2019-07-06T16:27:51","guid":{"rendered":"http:\/\/3.219.6.255\/4m_site\/?page_id=3505"},"modified":"2024-05-31T16:03:09","modified_gmt":"2024-05-31T20:03:09","slug":"senaletica","status":"publish","type":"page","link":"https:\/\/4m.cl\/?page_id=3505","title":{"rendered":"SE\u00d1AL\u00c9TICA"},"content":{"rendered":"\n<div class=\"wp-block-kadence-rowlayout alignnone\"><div id=\"kt-layout-id_cc54ee-79\" class=\"kt-row-layout-inner  kt-layout-id_cc54ee-79\"><div class=\"kt-row-column-wrap kt-has-2-columns kt-gutter-default kt-v-gutter-default kt-row-valign-top kt-row-layout-right-golden kt-tab-layout-inherit kt-m-colapse-left-to-right kt-mobile-layout-row\">\n<div class=\"wp-block-kadence-column inner-column-1 kadence-column_00c797-6d\"><div class=\"kt-inside-inner-col\">\n<p class=\"has-normal-font-size\"><h3 style=\"color:#ff5100; font-family: Helvetica; font-weight: 600; font-size: 30px !important; line-height: 34px; margin-bottom: 20px; margin-top: 0px;\">\u00bfPor qu\u00e9 se\u00f1alizar un lugar?<\/h3>\n    <p style=\"font-size: 18px; line-height: 24px; \">La se\u00f1al\u00e9tica es un elemento que se encarga de guiar, orientar e informar a las personas en aquellos puntos del espacio que plantean dilemas. Su objetivo principal es mejorar la experiencia del usuario al moverse en un espacio determinado.<\/p>\n    <p style=\"font-size: 18px; line-height: 24px; \">Es una herramienta que proporciona informaci\u00f3n crucial, m\u00e1s all\u00e1 del conjunto de s\u00edmbolos que encontramos, la se\u00f1al\u00e9tica es una herramienta poderosa hablando de experiencia de usuario cuando se utiliza correctamente, puede reflejar desde la esencia de una marca  hasta influir en la decisi\u00f3n final de compra del usuario.<\/p><\/p>\n<\/div><\/div>\n\n\n\n<div class=\"wp-block-kadence-column inner-column-2 kadence-column_51b7da-f6\"><div class=\"kt-inside-inner-col\"><style id=\"kt-blocks_3e8393-e6\" type=\"text\/css\">#kt-layout-id_3e8393-e6 > .kt-row-column-wrap {padding-top:0px;}<\/style>\n<div class=\"wp-block-kadence-rowlayout alignnone\"><div id=\"kt-layout-id_3e8393-e6\" class=\"kt-row-layout-inner  kt-layout-id_3e8393-e6\"><div class=\"kt-row-column-wrap kt-has-3-columns kt-gutter-default kt-v-gutter-default kt-row-valign-top kt-row-layout-equal kt-tab-layout-inherit kt-m-colapse-left-to-right kt-mobile-layout-row\">\n<div class=\"wp-block-kadence-column inner-column-1 kadence-column_aa12f6-1f\"><div class=\"kt-inside-inner-col\">\n<table cellpadding=\"0\" cellspacing=\"0\">\n\t\t\t\t\t\t\t\t\t\t\t\t\t\t<tbody><tr><td style=\"padding:0px;\"><a href=\"?page_id=3618\"><img decoding=\"async\" src=\"http:\/\/4m.cl\/wp\/wp-content\/uploads\/2019\/07\/senaletica_bupa_squared.jpg\" alt=\"\" style=\"border:none;width:100%\"><\/a><\/td><\/tr>\n\t\t\t\t\t\t\t\t<tr><td style=\"font-size:14px;background-color:#9eaab1;color:#fff;text-align:center;font-family:helvetica;\">CL\u00cdNICA BUPA SANTIAGO<\/td><\/tr>\n\t\t\t\t\t\t\t<\/tbody><\/table>\n<\/div><\/div>\n\n\n\n<div class=\"wp-block-kadence-column inner-column-2 kadence-column_45d314-62\"><div class=\"kt-inside-inner-col\">\n<table cellpadding=0 cellspacing=0>\n\t\t\t\t\t\t\t\t\t\t\t\t\t\t<tr><td style=\"padding:0px;\"><a href=\"?page_id=3621\"><img decoding=\"async\" src=\"http:\/\/4m.cl\/wp\/wp-content\/uploads\/2019\/07\/Vitacura-e1717007138480.jpg\" alt=\"\" style=\"border:none;width:100%;\"><\/a><\/td><\/tr>\n\t\t\t\t\t\t\t\t<tr><td style=\"font-size:14px;background-color:#9eaab1;color:#fff;text-align:center;font-family:helvetica;\">CENTRO C\u00cdVICO VITACURA<\/td><\/tr>\n\t\t\t\t\t\t\t<\/table>\n\n\n\n<p><\/p>\n<\/div><\/div>\n\n\n\n<div class=\"wp-block-kadence-column inner-column-3 kadence-column_92b11f-79\"><div class=\"kt-inside-inner-col\">\n<table cellpadding=0 cellspacing=0>\n\t\t\t\t\t\t\t\t\t\t\t\t\t\t<tr><td style=\"padding:0px;\"><a href=\"?page_id=3919\"><img decoding=\"async\" src=\"http:\/\/4m.cl\/wp\/wp-content\/uploads\/2019\/07\/IMG_2913_square.jpg\" alt=\"\" style=\"border:none;width:100%;\"><\/a><\/td><\/tr>\n\t\t\t\t\t\t\t\t<tr><td style=\"font-size:14px;background-color:#9eaab1;color:#fff;text-align:center;font-family:helvetica;\">NESTL\u00c9<\/td><\/tr>\n\t\t\t\t\t\t\t<\/table>\n\n\n\n<p><\/p>\n<\/div><\/div>\n<\/div><\/div><\/div>\n<\/div><\/div>\n<\/div><\/div><\/div>\n","protected":false},"excerpt":{"rendered":"","protected":false},"author":1,"featured_media":0,"parent":0,"menu_order":0,"comment_status":"closed","ping_status":"closed","template":"page-templates\/full-width.php","meta":{"kt_blocks_editor_width":""},"_links":{"self":[{"href":"https:\/\/4m.cl\/index.php?rest_route=\/wp\/v2\/pages\/3505"}],"collection":[{"href":"https:\/\/4m.cl\/index.php?rest_route=\/wp\/v2\/pages"}],"about":[{"href":"https:\/\/4m.cl\/index.php?rest_route=\/wp\/v2\/types\/page"}],"author":[{"embeddable":true,"href":"https:\/\/4m.cl\/index.php?rest_route=\/wp\/v2\/users\/1"}],"replies":[{"embeddable":true,"href":"https:\/\/4m.cl\/index.php?rest_route=%2Fwp%2Fv2%2Fcomments&post=3505"}],"version-history":[{"count":36,"href":"https:\/\/4m.cl\/index.php?rest_route=\/wp\/v2\/pages\/3505\/revisions"}],"predecessor-version":[{"id":54801,"href":"https:\/\/4m.cl\/index.php?rest_route=\/wp\/v2\/pages\/3505\/revisions\/54801"}],"wp:attachment":[{"href":"https:\/\/4m.cl\/index.php?rest_route=%2Fwp%2Fv2%2Fmedia&parent=3505"}],"curies":[{"name":"wp","href":"https:\/\/api.w.org\/{rel}","templated":true}]}}