{"id":3473,"date":"2019-07-06T05:33:02","date_gmt":"2019-07-06T05:33:02","guid":{"rendered":"http:\/\/3.219.6.255\/4m_site\/?page_id=3473"},"modified":"2024-06-07T10:48:44","modified_gmt":"2024-06-07T14:48:44","slug":"proyectos-mobiliarios-eucerin","status":"publish","type":"page","link":"https:\/\/4m.cl\/?page_id=3473","title":{"rendered":"PROYECTOS MOBILIARIOS"},"content":{"rendered":"\n<div class=\"wp-block-kadence-rowlayout alignnone\"><div id=\"kt-layout-id_c29665-ae\" class=\"kt-row-layout-inner  kt-layout-id_c29665-ae\"><div class=\"kt-row-column-wrap kt-has-2-columns kt-gutter-default kt-v-gutter-default kt-row-valign-top kt-row-layout-right-golden kt-tab-layout-inherit kt-m-colapse-left-to-right kt-mobile-layout-row\">\n<div class=\"wp-block-kadence-column inner-column-1 kadence-column_98e0b5-89\"><div class=\"kt-inside-inner-col\">\n<div style=\"color:#fc7626;font-size:30px; margin-bottom:10px; font-weight: 600;\">EUCERIN<\/div>\n\n\n\n<p class=\"has-normal-font-size\" style=\"text-align: justify; font-size: 18px;\">Eucerin es una marca l\u00edder en dermocosm\u00e9tica con m\u00e1s de 100 a\u00f1os de trayectoria e investigaci\u00f3n, con puntos de venta &nbsp;a lo largo de todo Chile. Para ellos, desarrollamos m\u00f3dulos (puntos de venta) con iluminaci\u00f3n led, pantallas digitales y finas terminaciones, potenciando la l\u00ednea sobria y limpia con la que se caracteriza.<\/p>\n<\/div><\/div>\n\n\n\n<div class=\"wp-block-kadence-column inner-column-2 kadence-column_544a38-9c\"><div class=\"kt-inside-inner-col\"><style>#jtg-4069 .modula-item .jtg-social a, .lightbox-socials.jtg-social a{ fill: #ffffff; color: #ffffff }#jtg-4069 .modula-item .jtg-social-mobile a{ fill: #ffffff; color: #ffffff }#jtg-4069 .modula-item .jtg-social svg, .lightbox-socials.jtg-social svg { height: 16px; width: 16px }#jtg-4069 .modula-item .jtg-social-mobile svg { height: 16px; width: 16px }#jtg-4069 .modula-item .jtg-social a:not(:last-child), .lightbox-socials.jtg-social a:not(:last-child) { margin-right: 10px }#jtg-4069 .modula-item .jtg-social-mobile .jtg-social-mobile-icons a:not(:last-child){ margin-right: 10px }#jtg-4069 .modula-item .figc {color:#ffffff;}#jtg-4069 .modula-item .modula-item-content { transform: scale(1) }#jtg-4069 { width:100%;}#jtg-4069 .modula-items{height:500px;}@media screen and (max-width: 992px) {#jtg-4069 .modula-items{height:500px;}}@media screen and (max-width: 768px) {#jtg-4069 .modula-items{height:500px;}}#jtg-4069 .modula-items .figc p.description { font-size:14px; }#jtg-4069 .modula-items .figc p.description { color:#ffffff;}#jtg-4069.modula-gallery .modula-item > a, #jtg-4069.modula-gallery .modula-item, #jtg-4069.modula-gallery .modula-item-content > a:not(.modula-no-follow) { cursor:zoom-in; } #jtg-4069.modula-gallery .modula-item-content .modula-no-follow { cursor: default; } @media screen and (max-width:480px){#jtg-4069 .modula-item .figc .jtg-title {  font-size: 12px; }#jtg-4069 .modula-items .figc p.description { color:#ffffff;font-size:10px; }}#jtg-4069 .modula-items .modula-item:hover img{opacity:1;}<\/style>\n<!-- Gallery Container -->\n<div  id=\"jtg-4069\" class=\"modula modula-gallery modula-creative-gallery\" data-config=\"{&quot;height&quot;:500,&quot;tabletHeight&quot;:500,&quot;mobileHeight&quot;:500,&quot;desktopHeight&quot;:500,&quot;enableTwitter&quot;:false,&quot;enableWhatsapp&quot;:false,&quot;enableFacebook&quot;:false,&quot;enablePinterest&quot;:false,&quot;enableLinkedin&quot;:false,&quot;enableEmail&quot;:false,&quot;randomFactor&quot;:0.5,&quot;type&quot;:&quot;creative-gallery&quot;,&quot;columns&quot;:12,&quot;gutter&quot;:10,&quot;mobileGutter&quot;:10,&quot;tabletGutter&quot;:10,&quot;desktopGutter&quot;:10,&quot;enableResponsive&quot;:&quot;0&quot;,&quot;tabletColumns&quot;:2,&quot;mobileColumns&quot;:1,&quot;lazyLoad&quot;:&quot;0&quot;,&quot;lightboxOpts&quot;:{&quot;animated&quot;:true,&quot;Thumbs&quot;:{&quot;type&quot;:&quot;modern&quot;,&quot;showOnStart&quot;:false},&quot;Toolbar&quot;:{&quot;display&quot;:{&quot;right&quot;:[&quot;close&quot;]},&quot;enabled&quot;:true},&quot;Carousel&quot;:{&quot;Panzoom&quot;:{&quot;touch&quot;:false},&quot;infinite&quot;:false},&quot;keyboard&quot;:{&quot;Escape&quot;:&quot;close&quot;,&quot;Delete&quot;:&quot;close&quot;,&quot;Backspace&quot;:&quot;close&quot;,&quot;PageUp&quot;:false,&quot;PageDown&quot;:false,&quot;ArrowUp&quot;:false,&quot;ArrowDown&quot;:false,&quot;ArrowRight&quot;:false,&quot;ArrowLeft&quot;:false},&quot;touch&quot;:false,&quot;backdropClick&quot;:false,&quot;l10n&quot;:{&quot;CLOSE&quot;:&quot;Close&quot;,&quot;NEXT&quot;:&quot;Next&quot;,&quot;PREV&quot;:&quot;Previous&quot;,&quot;Error&quot;:&quot;The requested content cannot be loaded. Please try again later.&quot;,&quot;PLAY_START&quot;:&quot;Start slideshow&quot;,&quot;PLAY_STOP&quot;:&quot;Pause slideshow&quot;,&quot;FULL_SCREEN&quot;:&quot;Full screen&quot;,&quot;THUMBS&quot;:&quot;Thumbnails&quot;,&quot;DOWNLOAD&quot;:&quot;Download&quot;,&quot;SHARE&quot;:&quot;Share&quot;,&quot;ZOOM&quot;:&quot;Zoom&quot;,&quot;EMAIL&quot;:&quot;Here is the link to the image : %%image_link%% and this is the link to the gallery : %%gallery_link%%&quot;,&quot;MODAL&quot;:&quot;You can close this modal content with the ESC key&quot;,&quot;ERROR&quot;:&quot;Something Went Wrong, Please Try Again Later&quot;,&quot;IMAGE_ERROR&quot;:&quot;Image Not Found&quot;,&quot;ELEMENT_NOT_FOUND&quot;:&quot;HTML Element Not Found&quot;,&quot;AJAX_NOT_FOUND&quot;:&quot;Error Loading AJAX : Not Found&quot;,&quot;AJAX_FORBIDDEN&quot;:&quot;Error Loading AJAX : Forbidden&quot;,&quot;IFRAME_ERROR&quot;:&quot;Error Loading Page&quot;,&quot;TOGGLE_ZOOM&quot;:&quot;Toggle zoom level&quot;,&quot;TOGGLE_THUMBS&quot;:&quot;Toggle thumbnails&quot;,&quot;TOGGLE_SLIDESHOW&quot;:&quot;Toggle slideshow&quot;,&quot;TOGGLE_FULLSCREEN&quot;:&quot;Toggle full-screen mode&quot;},&quot;Images&quot;:{&quot;Panzoom&quot;:{&quot;maxScale&quot;:2}},&quot;mainClass&quot;:&quot;modula-fancybox-container modula-lightbox-jtg-4069&quot;,&quot;Html&quot;:{&quot;videoAutoplay&quot;:0,&quot;videoTpl&quot;:&quot;&lt;video class=\\&quot;fancybox__html5video\\&quot; controls muted playsinline controlsList controlsList=\\&quot;nodownload\\&quot; poster=\\&quot;{{poster}}\\&quot; src=\\&quot;{{src}}\\&quot; type=\\&quot;{{format}}\\&quot; &gt;  Sorry, your browser doesn&#039;t support embedded videos, &lt;a href=\\&quot;{{src}}\\&quot;&gt; download &lt;\\\/a&gt; and watch with your favorite video player! &lt;\\\/video&gt;&quot;}},&quot;inView&quot;:false,&quot;email_subject&quot;:&quot;Check out this awesome image !!&quot;,&quot;email_message&quot;:&quot;Here is the link to the image : %%image_link%% and this is the link to the gallery : %%gallery_link%%&quot;,&quot;lightbox&quot;:&quot;fancybox&quot;}\">\n\n\t\n\t<!-- Items Container -->\n\t<div  class=\"modula-items\">\n\t\t<div class=\"modula-item\" >\n\t<div class=\"modula-item-content\">\n\t\t\n\t\t\t\t\t<a data-image-id=\"3304\" tabindex=\"0\" rel=\"jtg-4069\" data-caption=\"\" aria-label=\"Open image in lightbox\" role=\"button\" class=\"tile-inner modula-item-link\"><\/a>\n\t\t\n\t\t<img class=\"pic wp-image-3304\"  data-valign=\"middle\" data-halign=\"center\" alt=\"\" data-full=\"https:\/\/4m.cl\/wp\/wp-content\/uploads\/2019\/07\/DSC3759.jpg\" title=\"DSC3759\" width=\"1024\" height=\"683\" src=\"https:\/\/4m.cl\/wp\/wp-content\/uploads\/2019\/07\/DSC3759-1024x683.jpg\" data-src=\"https:\/\/4m.cl\/wp\/wp-content\/uploads\/2019\/07\/DSC3759-1024x683.jpg\" data-caption=\"\" srcset=\"https:\/\/4m.cl\/wp\/wp-content\/uploads\/2019\/07\/DSC3759.jpg 5338w, https:\/\/4m.cl\/wp\/wp-content\/uploads\/2019\/07\/DSC3759-300x200.jpg 300w, https:\/\/4m.cl\/wp\/wp-content\/uploads\/2019\/07\/DSC3759-768x512.jpg 768w, https:\/\/4m.cl\/wp\/wp-content\/uploads\/2019\/07\/DSC3759-1024x683.jpg 1024w, https:\/\/4m.cl\/wp\/wp-content\/uploads\/2019\/07\/DSC3759-600x400.jpg 600w, https:\/\/4m.cl\/wp\/wp-content\/uploads\/2019\/07\/DSC3759-366x244.jpg 366w, https:\/\/4m.cl\/wp\/wp-content\/uploads\/2019\/07\/DSC3759-400x267.jpg 400w\" sizes=\"(max-width: 1024px) 100vw, 1024px\" \/>\n\t<\/div>\n\n<\/div><div class=\"modula-item\" >\n\t<div class=\"modula-item-content\">\n\t\t\n\t\t\t\t\t<a data-image-id=\"3302\" tabindex=\"0\" rel=\"jtg-4069\" data-caption=\"\" aria-label=\"Open image in lightbox\" role=\"button\" class=\"tile-inner modula-item-link\"><\/a>\n\t\t\n\t\t<img class=\"pic wp-image-3302\"  data-valign=\"middle\" data-halign=\"center\" alt=\"\" data-full=\"https:\/\/4m.cl\/wp\/wp-content\/uploads\/2019\/07\/DSC3795.jpg\" title=\"DSC3795\" width=\"683\" height=\"1024\" src=\"https:\/\/4m.cl\/wp\/wp-content\/uploads\/2019\/07\/DSC3795-683x1024.jpg\" data-src=\"https:\/\/4m.cl\/wp\/wp-content\/uploads\/2019\/07\/DSC3795-683x1024.jpg\" data-caption=\"\" srcset=\"https:\/\/4m.cl\/wp\/wp-content\/uploads\/2019\/07\/DSC3795.jpg 3559w, https:\/\/4m.cl\/wp\/wp-content\/uploads\/2019\/07\/DSC3795-200x300.jpg 200w, https:\/\/4m.cl\/wp\/wp-content\/uploads\/2019\/07\/DSC3795-768x1152.jpg 768w, https:\/\/4m.cl\/wp\/wp-content\/uploads\/2019\/07\/DSC3795-683x1024.jpg 683w, https:\/\/4m.cl\/wp\/wp-content\/uploads\/2019\/07\/DSC3795-600x900.jpg 600w, https:\/\/4m.cl\/wp\/wp-content\/uploads\/2019\/07\/DSC3795-300x450.jpg 300w\" sizes=\"(max-width: 683px) 100vw, 683px\" \/>\n\t<\/div>\n\n<\/div><div class=\"modula-item\" >\n\t<div class=\"modula-item-content\">\n\t\t\n\t\t\t\t\t<a data-image-id=\"3305\" tabindex=\"0\" rel=\"jtg-4069\" data-caption=\"\" aria-label=\"Open image in lightbox\" role=\"button\" class=\"tile-inner modula-item-link\"><\/a>\n\t\t\n\t\t<img class=\"pic wp-image-3305\"  data-valign=\"middle\" data-halign=\"center\" alt=\"\" data-full=\"https:\/\/4m.cl\/wp\/wp-content\/uploads\/2019\/07\/DSC3767.jpg\" title=\"\" width=\"1024\" height=\"683\" src=\"https:\/\/4m.cl\/wp\/wp-content\/uploads\/2019\/07\/DSC3767-1024x683.jpg\" data-src=\"https:\/\/4m.cl\/wp\/wp-content\/uploads\/2019\/07\/DSC3767-1024x683.jpg\" data-caption=\"\" srcset=\"https:\/\/4m.cl\/wp\/wp-content\/uploads\/2019\/07\/DSC3767.jpg 5338w, https:\/\/4m.cl\/wp\/wp-content\/uploads\/2019\/07\/DSC3767-300x200.jpg 300w, https:\/\/4m.cl\/wp\/wp-content\/uploads\/2019\/07\/DSC3767-768x512.jpg 768w, https:\/\/4m.cl\/wp\/wp-content\/uploads\/2019\/07\/DSC3767-1024x683.jpg 1024w, https:\/\/4m.cl\/wp\/wp-content\/uploads\/2019\/07\/DSC3767-600x400.jpg 600w, https:\/\/4m.cl\/wp\/wp-content\/uploads\/2019\/07\/DSC3767-366x244.jpg 366w, https:\/\/4m.cl\/wp\/wp-content\/uploads\/2019\/07\/DSC3767-400x267.jpg 400w\" sizes=\"(max-width: 1024px) 100vw, 1024px\" \/>\n\t<\/div>\n\n<\/div><div class=\"modula-item\" >\n\t<div class=\"modula-item-content\">\n\t\t\n\t\t\t\t\t<a data-image-id=\"3303\" tabindex=\"0\" rel=\"jtg-4069\" data-caption=\"\" aria-label=\"Open image in lightbox\" role=\"button\" class=\"tile-inner modula-item-link\"><\/a>\n\t\t\n\t\t<img class=\"pic wp-image-3303\"  data-valign=\"middle\" data-halign=\"center\" alt=\"\" data-full=\"https:\/\/4m.cl\/wp\/wp-content\/uploads\/2019\/07\/DSC3756.jpg\" title=\"\" width=\"1024\" height=\"683\" src=\"https:\/\/4m.cl\/wp\/wp-content\/uploads\/2019\/07\/DSC3756-1024x683.jpg\" data-src=\"https:\/\/4m.cl\/wp\/wp-content\/uploads\/2019\/07\/DSC3756-1024x683.jpg\" data-caption=\"\" srcset=\"https:\/\/4m.cl\/wp\/wp-content\/uploads\/2019\/07\/DSC3756.jpg 5338w, https:\/\/4m.cl\/wp\/wp-content\/uploads\/2019\/07\/DSC3756-300x200.jpg 300w, https:\/\/4m.cl\/wp\/wp-content\/uploads\/2019\/07\/DSC3756-768x512.jpg 768w, https:\/\/4m.cl\/wp\/wp-content\/uploads\/2019\/07\/DSC3756-1024x683.jpg 1024w, https:\/\/4m.cl\/wp\/wp-content\/uploads\/2019\/07\/DSC3756-600x400.jpg 600w, https:\/\/4m.cl\/wp\/wp-content\/uploads\/2019\/07\/DSC3756-366x244.jpg 366w, https:\/\/4m.cl\/wp\/wp-content\/uploads\/2019\/07\/DSC3756-400x267.jpg 400w\" sizes=\"(max-width: 1024px) 100vw, 1024px\" \/>\n\t<\/div>\n\n<\/div><div class=\"modula-item\" >\n\t<div class=\"modula-item-content\">\n\t\t\n\t\t\t\t\t<a data-image-id=\"3301\" tabindex=\"0\" rel=\"jtg-4069\" data-caption=\"\" aria-label=\"Open image in lightbox\" role=\"button\" class=\"tile-inner modula-item-link\"><\/a>\n\t\t\n\t\t<img class=\"pic wp-image-3301\"  data-valign=\"middle\" data-halign=\"center\" alt=\"\" data-full=\"https:\/\/4m.cl\/wp\/wp-content\/uploads\/2019\/07\/DSC3786.jpg\" title=\"DSC3786\" width=\"683\" height=\"1024\" src=\"https:\/\/4m.cl\/wp\/wp-content\/uploads\/2019\/07\/DSC3786-683x1024.jpg\" data-src=\"https:\/\/4m.cl\/wp\/wp-content\/uploads\/2019\/07\/DSC3786-683x1024.jpg\" data-caption=\"\" srcset=\"https:\/\/4m.cl\/wp\/wp-content\/uploads\/2019\/07\/DSC3786.jpg 3559w, https:\/\/4m.cl\/wp\/wp-content\/uploads\/2019\/07\/DSC3786-200x300.jpg 200w, https:\/\/4m.cl\/wp\/wp-content\/uploads\/2019\/07\/DSC3786-768x1152.jpg 768w, https:\/\/4m.cl\/wp\/wp-content\/uploads\/2019\/07\/DSC3786-683x1024.jpg 683w, https:\/\/4m.cl\/wp\/wp-content\/uploads\/2019\/07\/DSC3786-600x900.jpg 600w, https:\/\/4m.cl\/wp\/wp-content\/uploads\/2019\/07\/DSC3786-300x450.jpg 300w\" sizes=\"(max-width: 683px) 100vw, 683px\" \/>\n\t<\/div>\n\n<\/div><div class=\"modula-item\" >\n\t<div class=\"modula-item-content\">\n\t\t\n\t\t\t\t\t<a data-image-id=\"3300\" tabindex=\"0\" rel=\"jtg-4069\" data-caption=\"\" aria-label=\"Open image in lightbox\" role=\"button\" class=\"tile-inner modula-item-link\"><\/a>\n\t\t\n\t\t<img class=\"pic wp-image-3300\"  data-valign=\"middle\" data-halign=\"center\" alt=\"\" data-full=\"https:\/\/4m.cl\/wp\/wp-content\/uploads\/2019\/07\/DSC3784.jpg\" title=\"DSC3784\" width=\"683\" height=\"1024\" src=\"https:\/\/4m.cl\/wp\/wp-content\/uploads\/2019\/07\/DSC3784-683x1024.jpg\" data-src=\"https:\/\/4m.cl\/wp\/wp-content\/uploads\/2019\/07\/DSC3784-683x1024.jpg\" data-caption=\"\" srcset=\"https:\/\/4m.cl\/wp\/wp-content\/uploads\/2019\/07\/DSC3784.jpg 3559w, https:\/\/4m.cl\/wp\/wp-content\/uploads\/2019\/07\/DSC3784-200x300.jpg 200w, https:\/\/4m.cl\/wp\/wp-content\/uploads\/2019\/07\/DSC3784-768x1152.jpg 768w, https:\/\/4m.cl\/wp\/wp-content\/uploads\/2019\/07\/DSC3784-683x1024.jpg 683w, https:\/\/4m.cl\/wp\/wp-content\/uploads\/2019\/07\/DSC3784-600x900.jpg 600w, https:\/\/4m.cl\/wp\/wp-content\/uploads\/2019\/07\/DSC3784-300x450.jpg 300w\" sizes=\"(max-width: 683px) 100vw, 683px\" \/>\n\t<\/div>\n\n<\/div><div class=\"modula-item\" >\n\t<div class=\"modula-item-content\">\n\t\t\n\t\t\t\t\t<a data-image-id=\"3299\" tabindex=\"0\" rel=\"jtg-4069\" data-caption=\"\" aria-label=\"Open image in lightbox\" role=\"button\" class=\"tile-inner modula-item-link\"><\/a>\n\t\t\n\t\t<img class=\"pic wp-image-3299\"  data-valign=\"middle\" data-halign=\"center\" alt=\"\" data-full=\"https:\/\/4m.cl\/wp\/wp-content\/uploads\/2019\/07\/DSC3780.jpg\" title=\"DSC3780\" width=\"1024\" height=\"683\" src=\"https:\/\/4m.cl\/wp\/wp-content\/uploads\/2019\/07\/DSC3780-1024x683.jpg\" data-src=\"https:\/\/4m.cl\/wp\/wp-content\/uploads\/2019\/07\/DSC3780-1024x683.jpg\" data-caption=\"\" srcset=\"https:\/\/4m.cl\/wp\/wp-content\/uploads\/2019\/07\/DSC3780.jpg 5338w, https:\/\/4m.cl\/wp\/wp-content\/uploads\/2019\/07\/DSC3780-300x200.jpg 300w, https:\/\/4m.cl\/wp\/wp-content\/uploads\/2019\/07\/DSC3780-768x512.jpg 768w, https:\/\/4m.cl\/wp\/wp-content\/uploads\/2019\/07\/DSC3780-1024x683.jpg 1024w, https:\/\/4m.cl\/wp\/wp-content\/uploads\/2019\/07\/DSC3780-600x400.jpg 600w, https:\/\/4m.cl\/wp\/wp-content\/uploads\/2019\/07\/DSC3780-366x244.jpg 366w, https:\/\/4m.cl\/wp\/wp-content\/uploads\/2019\/07\/DSC3780-400x267.jpg 400w\" sizes=\"(max-width: 1024px) 100vw, 1024px\" \/>\n\t<\/div>\n\n<\/div><div class=\"modula-item\" >\n\t<div class=\"modula-item-content\">\n\t\t\n\t\t\t\t\t<a data-image-id=\"3298\" tabindex=\"0\" rel=\"jtg-4069\" data-caption=\"\" aria-label=\"Open image in lightbox\" role=\"button\" class=\"tile-inner modula-item-link\"><\/a>\n\t\t\n\t\t<img class=\"pic wp-image-3298\"  data-valign=\"middle\" data-halign=\"center\" alt=\"\" data-full=\"https:\/\/4m.cl\/wp\/wp-content\/uploads\/2019\/07\/DSC3775.jpg\" title=\"DSC3775\" width=\"1024\" height=\"683\" src=\"https:\/\/4m.cl\/wp\/wp-content\/uploads\/2019\/07\/DSC3775-1024x683.jpg\" data-src=\"https:\/\/4m.cl\/wp\/wp-content\/uploads\/2019\/07\/DSC3775-1024x683.jpg\" data-caption=\"\" srcset=\"https:\/\/4m.cl\/wp\/wp-content\/uploads\/2019\/07\/DSC3775.jpg 5338w, https:\/\/4m.cl\/wp\/wp-content\/uploads\/2019\/07\/DSC3775-300x200.jpg 300w, https:\/\/4m.cl\/wp\/wp-content\/uploads\/2019\/07\/DSC3775-768x512.jpg 768w, https:\/\/4m.cl\/wp\/wp-content\/uploads\/2019\/07\/DSC3775-1024x683.jpg 1024w, https:\/\/4m.cl\/wp\/wp-content\/uploads\/2019\/07\/DSC3775-600x400.jpg 600w, https:\/\/4m.cl\/wp\/wp-content\/uploads\/2019\/07\/DSC3775-366x244.jpg 366w, https:\/\/4m.cl\/wp\/wp-content\/uploads\/2019\/07\/DSC3775-400x267.jpg 400w\" sizes=\"(max-width: 1024px) 100vw, 1024px\" \/>\n\t<\/div>\n\n<\/div><div class=\"modula-item\" >\n\t<div class=\"modula-item-content\">\n\t\t\n\t\t\t\t\t<a data-image-id=\"3297\" tabindex=\"0\" rel=\"jtg-4069\" data-caption=\"Eucerin\" aria-label=\"Open image in lightbox\" role=\"button\" class=\"tile-inner modula-item-link\"><\/a>\n\t\t\n\t\t<img class=\"pic wp-image-3297\"  data-valign=\"middle\" data-halign=\"center\" alt=\"\" data-full=\"https:\/\/4m.cl\/wp\/wp-content\/uploads\/2019\/07\/DSC3772.jpg\" title=\"DSC3772\" width=\"1024\" height=\"683\" src=\"https:\/\/4m.cl\/wp\/wp-content\/uploads\/2019\/07\/DSC3772-1024x683.jpg\" data-src=\"https:\/\/4m.cl\/wp\/wp-content\/uploads\/2019\/07\/DSC3772-1024x683.jpg\" data-caption=\"Eucerin\" srcset=\"https:\/\/4m.cl\/wp\/wp-content\/uploads\/2019\/07\/DSC3772.jpg 5338w, https:\/\/4m.cl\/wp\/wp-content\/uploads\/2019\/07\/DSC3772-300x200.jpg 300w, https:\/\/4m.cl\/wp\/wp-content\/uploads\/2019\/07\/DSC3772-768x512.jpg 768w, https:\/\/4m.cl\/wp\/wp-content\/uploads\/2019\/07\/DSC3772-1024x683.jpg 1024w, https:\/\/4m.cl\/wp\/wp-content\/uploads\/2019\/07\/DSC3772-600x400.jpg 600w, https:\/\/4m.cl\/wp\/wp-content\/uploads\/2019\/07\/DSC3772-366x244.jpg 366w, https:\/\/4m.cl\/wp\/wp-content\/uploads\/2019\/07\/DSC3772-400x267.jpg 400w\" sizes=\"(max-width: 1024px) 100vw, 1024px\" \/>\n\t<\/div>\n\n<\/div><div class=\"modula-item\" >\n\t<div class=\"modula-item-content\">\n\t\t\n\t\t\t\t\t<a data-image-id=\"3296\" tabindex=\"0\" rel=\"jtg-4069\" data-caption=\"\" aria-label=\"Open image in lightbox\" role=\"button\" class=\"tile-inner modula-item-link\"><\/a>\n\t\t\n\t\t<img class=\"pic wp-image-3296\"  data-valign=\"middle\" data-halign=\"center\" alt=\"\" data-full=\"https:\/\/4m.cl\/wp\/wp-content\/uploads\/2019\/07\/DSC3768.jpg\" title=\"DSC3768\" width=\"1024\" height=\"683\" src=\"https:\/\/4m.cl\/wp\/wp-content\/uploads\/2019\/07\/DSC3768-1024x683.jpg\" data-src=\"https:\/\/4m.cl\/wp\/wp-content\/uploads\/2019\/07\/DSC3768-1024x683.jpg\" data-caption=\"\" srcset=\"https:\/\/4m.cl\/wp\/wp-content\/uploads\/2019\/07\/DSC3768.jpg 5338w, https:\/\/4m.cl\/wp\/wp-content\/uploads\/2019\/07\/DSC3768-300x200.jpg 300w, https:\/\/4m.cl\/wp\/wp-content\/uploads\/2019\/07\/DSC3768-768x512.jpg 768w, https:\/\/4m.cl\/wp\/wp-content\/uploads\/2019\/07\/DSC3768-1024x683.jpg 1024w, https:\/\/4m.cl\/wp\/wp-content\/uploads\/2019\/07\/DSC3768-600x400.jpg 600w, https:\/\/4m.cl\/wp\/wp-content\/uploads\/2019\/07\/DSC3768-366x244.jpg 366w\" sizes=\"(max-width: 1024px) 100vw, 1024px\" \/>\n\t<\/div>\n\n<\/div>\t\t\n\t<\/div>\n\n\t\n\t\n\t<script type=\"application\/ld+json\">\n\t{\n\t\t\"@context\": \"http:\/\/schema.org\",\n\t\t\"@type\"   : \"ImageGallery\",\n\t\t\"id\"      : \"https:\/\/4m.cl\/?page_id=3473\/\",\n\t\t\"url\"     : \"https:\/\/4m.cl\/?page_id=3473\/\"\n\t}\n\n\t<\/script>\n\n\t\n<\/div>\n<\/div><\/div>\n<\/div><\/div><\/div>\n","protected":false},"excerpt":{"rendered":"","protected":false},"author":1,"featured_media":0,"parent":3268,"menu_order":0,"comment_status":"closed","ping_status":"closed","template":"page-templates\/full-width.php","meta":{"kt_blocks_editor_width":""},"_links":{"self":[{"href":"https:\/\/4m.cl\/index.php?rest_route=\/wp\/v2\/pages\/3473"}],"collection":[{"href":"https:\/\/4m.cl\/index.php?rest_route=\/wp\/v2\/pages"}],"about":[{"href":"https:\/\/4m.cl\/index.php?rest_route=\/wp\/v2\/types\/page"}],"author":[{"embeddable":true,"href":"https:\/\/4m.cl\/index.php?rest_route=\/wp\/v2\/users\/1"}],"replies":[{"embeddable":true,"href":"https:\/\/4m.cl\/index.php?rest_route=%2Fwp%2Fv2%2Fcomments&post=3473"}],"version-history":[{"count":11,"href":"https:\/\/4m.cl\/index.php?rest_route=\/wp\/v2\/pages\/3473\/revisions"}],"predecessor-version":[{"id":54996,"href":"https:\/\/4m.cl\/index.php?rest_route=\/wp\/v2\/pages\/3473\/revisions\/54996"}],"up":[{"embeddable":true,"href":"https:\/\/4m.cl\/index.php?rest_route=\/wp\/v2\/pages\/3268"}],"wp:attachment":[{"href":"https:\/\/4m.cl\/index.php?rest_route=%2Fwp%2Fv2%2Fmedia&parent=3473"}],"curies":[{"name":"wp","href":"https:\/\/api.w.org\/{rel}","templated":true}]}}