{"id":3268,"date":"2019-07-06T00:14:43","date_gmt":"2019-07-06T00:14:43","guid":{"rendered":"http:\/\/3.219.6.255\/4m_site\/?page_id=3268"},"modified":"2024-06-10T10:11:26","modified_gmt":"2024-06-10T14:11:26","slug":"proyectos-mobiliarios","status":"publish","type":"page","link":"https:\/\/4m.cl\/?page_id=3268","title":{"rendered":"PROYECTOS MOBILIARIOS"},"content":{"rendered":"\n<div class=\"wp-block-kadence-rowlayout alignnone\"><div id=\"kt-layout-id_cc54ee-79\" class=\"kt-row-layout-inner  kt-layout-id_cc54ee-79\"><div class=\"kt-row-column-wrap kt-has-2-columns kt-gutter-default kt-v-gutter-default kt-row-valign-top kt-row-layout-right-golden kt-tab-layout-inherit kt-m-colapse-left-to-right kt-mobile-layout-row\">\n<div class=\"wp-block-kadence-column inner-column-1 kadence-column_00c797-6d\"><div class=\"kt-inside-inner-col\">\n<p class=\"has-normal-font-size\"><h3 style=\"color:#ff5100; font-family: Helvetica; font-weight: 600; font-size: 30px !important; line-height: 34px; margin-bottom: 20px; margin-top: 0px;\">\u00bfCu\u00e1l es la importacia de un buen mobiliario?<\/h3>\n\t\t\t<p style=\"font-size: 18px; line-height: 24px; \">El mobiliario es un elemento estrat\u00e9gico en cualquier proyecto. Tanto si es una tienda nueva como si ha de transformarse para acoger nuevos productos, la planificaci\u00f3n del espacio debe responder a la necesidad de la tienda para lograr la mejor experiencia de compra posible.<\/p>\n\t\t\t<p style=\"font-size: 18px; line-height: 24px; \">Tambi\u00e9n est\u00e1 pensado en primer lugar para aportar un orden y coherencia visual con el entorno, para as\u00ed poder entender lo m\u00e1s facil posible, qu\u00e9 productos vendemos.<\/p>\n\t\t\t<p style=\"font-size: 18px; line-height: 24px; \"> Adem\u00e1s, de hacer sentir c\u00f3modo al visitante, ofreciendo un espacio confortable y adaptado a sus necesidades f\u00edsicas.<\/p><\/p>\n<\/div><\/div>\n\n\n\n<div class=\"wp-block-kadence-column inner-column-2 kadence-column_51b7da-f6\"><div class=\"kt-inside-inner-col\"><style id=\"kt-blocks_3e8393-e6\" type=\"text\/css\">#kt-layout-id_3e8393-e6 > .kt-row-column-wrap {padding-top:0px;}<\/style>\n<div class=\"wp-block-kadence-rowlayout alignnone\"><div id=\"kt-layout-id_3e8393-e6\" class=\"kt-row-layout-inner  kt-layout-id_3e8393-e6\"><div class=\"kt-row-column-wrap kt-has-3-columns kt-gutter-default kt-v-gutter-default kt-row-valign-top kt-row-layout-equal kt-tab-layout-inherit kt-m-colapse-left-to-right kt-mobile-layout-row\">\n<div class=\"wp-block-kadence-column inner-column-1 kadence-column_aa12f6-1f\"><div class=\"kt-inside-inner-col\">\n<table cellpadding=\"0\" cellspacing=\"0\">\n\t\t\t\t\t\t\t\t\t\t<tbody><tr><td style=\"padding:0px;\"><a href=\"?page_id=3463\"><img decoding=\"async\" src=\"http:\/\/4m.cl\/wp\/wp-content\/uploads\/2023\/11\/Inmobiliarios-05-e1717002859290.jpg\" alt=\"\" style=\"border:none;width:100%\"><\/a><\/td><\/tr>\n\t\t\t\t\t\t\t\t\t\t<tr><td style=\"background-color:#9eaab1;color:#fff;text-align:center;font-family:helvetica;\">REVESDERECHO<\/td><\/tr>\n\t\t\t\t\t\t\t\t\t<\/tbody><\/table>\n<\/div><\/div>\n\n\n\n<div class=\"wp-block-kadence-column inner-column-2 kadence-column_45d314-62\"><div class=\"kt-inside-inner-col\">\n<table cellpadding=\"0\" cellspacing=\"0\">\n\t\t\t\t\t\t\t\t\t\t<tbody><tr><td style=\"padding:0px;\"><a href=\"?page_id=3468\"><img decoding=\"async\" src=\"http:\/\/4m.cl\/wp\/wp-content\/uploads\/2019\/07\/DSC3747-e1717005514412.jpg\" alt=\"\" style=\"border:none;width:100%\"><\/a><\/td><\/tr>\n\t\t\t\t\t\t\t\t\t\t<tr><td style=\"background-color:#9eaab1;color:#fff;text-align:center;font-family:helvetica;\">ARROW<\/td><\/tr>\n\t\t\t\t\t\t\t\t\t<\/tbody><\/table>\n<\/div><\/div>\n\n\n\n<div class=\"wp-block-kadence-column inner-column-3 kadence-column_92b11f-79\"><div class=\"kt-inside-inner-col\">\n<table cellpadding=\"0\" cellspacing=\"0\">\n\t\t\t\t\t\t\t\t\t\t\t\t\t\t\t\t<tbody><tr><td style=\"padding:0px;\"><a href=\"?page_id=4368\"><img decoding=\"async\" src=\"http:\/\/4m.cl\/wp\/wp-content\/uploads\/2019\/11\/Harina-Gourmet-1-e1717003596366.jpg\" alt=\"\" style=\"border:none;width:100%\"><\/a><\/td><\/tr>\n\t\t\t\t\t\t\t\t\t\t<tr><td style=\"background-color:#9eaab1;color:#fff;text-align:center;font-family:helvetica;\">HARINA GOURMET<\/td><\/tr>\n\t\t\t\t\t\t\t\t\t<\/tbody><\/table>\n<\/div><\/div>\n<\/div><\/div><\/div>\n\n\n\n<div class=\"wp-block-kadence-rowlayout alignnone\"><div id=\"kt-layout-id_cbb3ed-26\" class=\"kt-row-layout-inner  kt-layout-id_cbb3ed-26\"><div class=\"kt-row-column-wrap kt-has-3-columns kt-gutter-default kt-v-gutter-default kt-row-valign-top kt-row-layout-equal kt-tab-layout-inherit kt-m-colapse-left-to-right kt-mobile-layout-row\">\n<div class=\"wp-block-kadence-column inner-column-1 kadence-column_a163fd-d4\"><div class=\"kt-inside-inner-col\">\n<table cellpadding=\"0\" cellspacing=\"0\">\n\t\t\t\t<tbody><tr><td style=\"padding:0px;\"><a href=\"?page_id=3579\"><img decoding=\"async\" src=\"http:\/\/4m.cl\/wp\/wp-content\/uploads\/2024\/05\/komatsu-1024x768-1-e1717004603853.jpg\" alt=\"\" style=\"border:none;width:100%\"><\/a><\/td><\/tr>\n\t<tr><td style=\"background-color:#9eaab1;color:#fff;text-align:center;font-family:helvetica;\">KOMATSU<\/td><\/tr>\n\t<\/tbody><\/table>\n<\/div><\/div>\n\n\n\n<div class=\"wp-block-kadence-column inner-column-2 kadence-column_c12519-13\"><div class=\"kt-inside-inner-col\"><\/div><\/div>\n\n\n\n<div class=\"wp-block-kadence-column inner-column-3 kadence-column_759d0e-c1\"><div class=\"kt-inside-inner-col\"><\/div><\/div>\n<\/div><\/div><\/div>\n<\/div><\/div>\n<\/div><\/div><\/div>\n\n\n\n<p><\/p>\n","protected":false},"excerpt":{"rendered":"","protected":false},"author":1,"featured_media":0,"parent":0,"menu_order":0,"comment_status":"closed","ping_status":"closed","template":"page-templates\/full-width.php","meta":{"kt_blocks_editor_width":""},"_links":{"self":[{"href":"https:\/\/4m.cl\/index.php?rest_route=\/wp\/v2\/pages\/3268"}],"collection":[{"href":"https:\/\/4m.cl\/index.php?rest_route=\/wp\/v2\/pages"}],"about":[{"href":"https:\/\/4m.cl\/index.php?rest_route=\/wp\/v2\/types\/page"}],"author":[{"embeddable":true,"href":"https:\/\/4m.cl\/index.php?rest_route=\/wp\/v2\/users\/1"}],"replies":[{"embeddable":true,"href":"https:\/\/4m.cl\/index.php?rest_route=%2Fwp%2Fv2%2Fcomments&post=3268"}],"version-history":[{"count":114,"href":"https:\/\/4m.cl\/index.php?rest_route=\/wp\/v2\/pages\/3268\/revisions"}],"predecessor-version":[{"id":55088,"href":"https:\/\/4m.cl\/index.php?rest_route=\/wp\/v2\/pages\/3268\/revisions\/55088"}],"wp:attachment":[{"href":"https:\/\/4m.cl\/index.php?rest_route=%2Fwp%2Fv2%2Fmedia&parent=3268"}],"curies":[{"name":"wp","href":"https:\/\/api.w.org\/{rel}","templated":true}]}}