{"id":3220,"date":"2019-07-05T16:20:54","date_gmt":"2019-07-05T16:20:54","guid":{"rendered":"http:\/\/3.219.6.255\/4m_site\/?page_id=3220"},"modified":"2024-08-08T12:04:03","modified_gmt":"2024-08-08T16:04:03","slug":"quienes-somos","status":"publish","type":"page","link":"https:\/\/4m.cl\/?page_id=3220","title":{"rendered":"QUI\u00c9NES SOMOS"},"content":{"rendered":"<style id=\"kt-blocks_dfdca7-85\" type=\"text\/css\">@media (min-width: 767px) {#kt-layout-id_dfdca7-85 > .kt-row-column-wrap > .inner-column-1 {-ms-flex: 0 1 55%;flex: 0 1 55%;}#kt-layout-id_dfdca7-85 > .kt-row-column-wrap > .inner-column-2 {-ms-flex: 0 1 45%;flex: 0 1 45%;}}<\/style>\n<div class=\"wp-block-kadence-rowlayout alignnone\"><div id=\"kt-layout-id_dfdca7-85\" class=\"kt-row-layout-inner  kt-layout-id_dfdca7-85\"><div class=\"kt-row-column-wrap kt-has-2-columns kt-gutter-default kt-v-gutter-default kt-row-valign-top kt-row-layout-left-golden kt-tab-layout-inherit kt-m-colapse-left-to-right kt-mobile-layout-row kt-custom-first-width-55 kt-custom-second-width-45\">\n<div class=\"wp-block-kadence-column inner-column-1 kadence-column_c436aa-f3\"><div class=\"kt-inside-inner-col\"><div id=\"metaslider-id-3874\" style=\"width: 100%;\" class=\"ml-slider-3-90-1 metaslider metaslider-flex metaslider-3874 ml-slider ms-theme-outline nav-hidden\" role=\"region\" aria-roledescription=\"Slideshow\" aria-label=\"Nueva presentaci\u00f3n de diapositivas\">\n    <div id=\"metaslider_container_3874\">\n        <div id=\"metaslider_3874\">\n            <ul class='slides'>\n                <li style=\"display: block; width: 100%;\" class=\"slide-3882 ms-image \" aria-roledescription=\"slide\" aria-label=\"slide-3882\"><img src=\"https:\/\/4m.cl\/wp\/wp-content\/uploads\/2019\/07\/DSC3429-700x500.jpg\" height=\"500\" width=\"700\" alt=\"\" class=\"slider-3874 slide-3882\" title=\"DSC3429\" \/><\/li>\n                <li style=\"display: none; width: 100%;\" class=\"slide-3878 ms-image \" aria-roledescription=\"slide\" aria-label=\"slide-3878\"><img src=\"https:\/\/4m.cl\/wp\/wp-content\/uploads\/2019\/07\/DSC3454-700x500.jpg\" height=\"500\" width=\"700\" alt=\"\" class=\"slider-3874 slide-3878\" title=\"DSC3454\" \/><\/li>\n                <li style=\"display: none; width: 100%;\" class=\"slide-3884 ms-image \" aria-roledescription=\"slide\" aria-label=\"slide-3884\"><img src=\"https:\/\/4m.cl\/wp\/wp-content\/uploads\/2019\/07\/DSC3417-700x500.jpg\" height=\"500\" width=\"700\" alt=\"\" class=\"slider-3874 slide-3884\" title=\"DSC3417\" \/><\/li>\n                <li style=\"display: none; width: 100%;\" class=\"slide-3885 ms-image \" aria-roledescription=\"slide\" aria-label=\"slide-3885\"><img src=\"https:\/\/4m.cl\/wp\/wp-content\/uploads\/2019\/07\/DSC3408-700x500.jpg\" height=\"500\" width=\"700\" alt=\"\" class=\"slider-3874 slide-3885\" title=\"DSC3408\" \/><\/li>\n                <li style=\"display: none; width: 100%;\" class=\"slide-3876 ms-image \" aria-roledescription=\"slide\" aria-label=\"slide-3876\"><img src=\"https:\/\/4m.cl\/wp\/wp-content\/uploads\/2019\/07\/DSC3464-700x500.jpg\" height=\"500\" width=\"700\" alt=\"\" class=\"slider-3874 slide-3876\" title=\"DSC3464\" \/><\/li>\n                <li style=\"display: none; width: 100%;\" class=\"slide-3889 ms-image \" aria-roledescription=\"slide\" aria-label=\"slide-3889\"><img src=\"https:\/\/4m.cl\/wp\/wp-content\/uploads\/2019\/07\/DSC3379-700x500.jpg\" height=\"500\" width=\"700\" alt=\"\" class=\"slider-3874 slide-3889\" title=\"DSC3379\" \/><\/li>\n                <li style=\"display: none; width: 100%;\" class=\"slide-3890 ms-image \" aria-roledescription=\"slide\" aria-label=\"slide-3890\"><img src=\"https:\/\/4m.cl\/wp\/wp-content\/uploads\/2019\/07\/DSC3370-700x500.jpg\" height=\"500\" width=\"700\" alt=\"\" class=\"slider-3874 slide-3890\" title=\"DSC3370\" \/><\/li>\n                <li style=\"display: none; width: 100%;\" class=\"slide-3879 ms-image \" aria-roledescription=\"slide\" aria-label=\"slide-3879\"><img src=\"https:\/\/4m.cl\/wp\/wp-content\/uploads\/2019\/07\/DSC3446-700x500.jpg\" height=\"500\" width=\"700\" alt=\"\" class=\"slider-3874 slide-3879\" title=\"DSC3446\" \/><\/li>\n            <\/ul>\n        <\/div>\n        \n    <\/div>\n<\/div>\n<\/div><\/div>\n\n\n\n<div class=\"wp-block-kadence-column inner-column-2 kadence-column_6cf269-60\"><div class=\"kt-inside-inner-col\">\n<figure class=\"wp-block-image size-large is-resized\"><img decoding=\"async\" loading=\"lazy\" src=\"http:\/\/4m.cl\/wp\/wp-content\/uploads\/2024\/05\/logo_alta_sinfondo_2.png\" alt=\"\" class=\"wp-image-54316\" width=\"262\" height=\"67\" srcset=\"https:\/\/4m.cl\/wp\/wp-content\/uploads\/2024\/05\/logo_alta_sinfondo_2.png 980w, https:\/\/4m.cl\/wp\/wp-content\/uploads\/2024\/05\/logo_alta_sinfondo_2-300x77.png 300w, https:\/\/4m.cl\/wp\/wp-content\/uploads\/2024\/05\/logo_alta_sinfondo_2-768x197.png 768w, https:\/\/4m.cl\/wp\/wp-content\/uploads\/2024\/05\/logo_alta_sinfondo_2-600x154.png 600w\" sizes=\"(max-width: 262px) 100vw, 262px\" \/><\/figure>\n\n\n\n<p style=\"font-size:15px\"><p style=\"font-size: 18px; line-height: 24px; \">Somos una empresa con m\u00e1s de 10 a\u00f1os de experiencia en la fabricaci\u00f3n y comercializaci\u00f3n de muebles publicitarios, enfocada en el dise\u00f1o, producci\u00f3n, armado e instalaci\u00f3n para puntos de venta. Nos preocupamos de dar asesoramiento a nuestros clientes y orientarlos a impulsar proyectos de acuerdo a sus necesidades.<\/p><\/p>\n\n\n\n<p style=\"font-size:15px\"><p style=\"font-size: 18px; line-height: 24px; \">Contamos con taller propio, siendo un \u00e1rea de 1.400m2 en los cuales contamos con sectores de muebler\u00eda, pintura al horno, fierro, armado, impresi\u00f3n y plotter de corte, junto a un equipo de especialistas en cada \u00e1rea, manteniendo un estricto control de calidad y obteniendo un producto final de excelencia. <\/p><\/p>\n<\/div><\/div>\n<\/div><\/div><\/div>\n\n\n<div class=\"wp-block-columns has-2-columns\">\n<div class=\"wp-block-column\">\n<p style=\"font-size: 24px; font-weight: 600;\" class=\"has-text-color has-luminous-vivid-orange-color\">MISI\u00d3N<\/p>\n<p style=\"font-size: 18px; line-height: 24px;  color:#808080; margin-right: 20px;\">Dar soluci\u00f3n y apoyo a nuestros clientes, generando relaciones de largo plazo sustentadas en la excelencia, innovaci\u00f3n y creaci\u00f3n de valor, con conocimiento en el rubro y lineamientos de marca y\/o empresa.<\/p>\n<p><!-- \/wp:html --><\/p>\n<\/div>\n<p><!-- \/wp:column --><\/p>\n<div class=\"wp-block-column\">\n<p style=\"font-size:24px; font-weight: 600;\" class=\"has-text-color has-luminous-vivid-orange-color\">VISI\u00d3N<\/p>\n<p><!-- wp:html --><\/p>\n<p style=\"font-size: 18px; line-height: 24px;  color:#808080;\">Ser l\u00edderes en soluciones integrales de muebler\u00eda publicitaria, que permitan a nuestros clientes hacer sus ideas realidad, para llevar esto a cabo, contamos con un amplio equipo de trabajo, entre ellos Dise\u00f1adores Gr\u00e1ficos, Industriales, Arquitectos, Maestros carpinteros y soldadores, los cuales trabajan colaborativamente en la creaci\u00f3n y desarrollo de cada proyecto, siendo indispensables en cada etapa, lo que nos ayuda a lograr tal labor.<\/p>\n<p><!-- \/wp:html --><\/p>\n<\/div>\n<p><!-- \/wp:column --><\/p>\n<\/div>\n<p><!-- \/wp:columns --><\/p>","protected":false},"excerpt":{"rendered":"<p>MISI\u00d3N Dar soluci\u00f3n y apoyo a nuestros clientes, generando relaciones de largo plazo sustentadas en la excelencia, innovaci\u00f3n y creaci\u00f3n de valor, con conocimiento en el rubro y lineamientos de marca y\/o empresa. VISI\u00d3N Ser l\u00edderes en soluciones integrales de muebler\u00eda publicitaria, que permitan a nuestros clientes hacer sus ideas realidad, para llevar esto a<a title=\"Continue Reading\" class=\"more-link\" href=\"https:\/\/4m.cl\/?page_id=3220\"> Continue Reading<\/a><\/p>\n","protected":false},"author":1,"featured_media":0,"parent":0,"menu_order":0,"comment_status":"closed","ping_status":"closed","template":"page-templates\/full-width.php","meta":{"kt_blocks_editor_width":""},"_links":{"self":[{"href":"https:\/\/4m.cl\/index.php?rest_route=\/wp\/v2\/pages\/3220"}],"collection":[{"href":"https:\/\/4m.cl\/index.php?rest_route=\/wp\/v2\/pages"}],"about":[{"href":"https:\/\/4m.cl\/index.php?rest_route=\/wp\/v2\/types\/page"}],"author":[{"embeddable":true,"href":"https:\/\/4m.cl\/index.php?rest_route=\/wp\/v2\/users\/1"}],"replies":[{"embeddable":true,"href":"https:\/\/4m.cl\/index.php?rest_route=%2Fwp%2Fv2%2Fcomments&post=3220"}],"version-history":[{"count":40,"href":"https:\/\/4m.cl\/index.php?rest_route=\/wp\/v2\/pages\/3220\/revisions"}],"predecessor-version":[{"id":55101,"href":"https:\/\/4m.cl\/index.php?rest_route=\/wp\/v2\/pages\/3220\/revisions\/55101"}],"wp:attachment":[{"href":"https:\/\/4m.cl\/index.php?rest_route=%2Fwp%2Fv2%2Fmedia&parent=3220"}],"curies":[{"name":"wp","href":"https:\/\/api.w.org\/{rel}","templated":true}]}}